{"id":4758,"date":"2011-08-29T16:43:17","date_gmt":"2011-08-29T08:43:17","guid":{"rendered":"http:\/\/denzeldesigns.org\/?page_id=4699"},"modified":"2019-11-08T02:18:20","modified_gmt":"2019-11-08T02:18:20","slug":"home","status":"publish","type":"page","link":"http:\/\/qaustral.com.ar\/sitio\/","title":{"rendered":"Home"},"content":{"rendered":"<div id=\"CU3ER3\" class=\"embedCU3ER\"><script type='text\/javascript'>\n\t\t\t\t\t\tjQuery(document).ready(function($) {\n\t\t\t\t\t\t\t$('#CU3ER3').cu3er({\n\t\t\t\t\t\t\t\tvars: {\n\t\t\t\t\t\t\t\t\txml_location: \"\/sitio\/wp-content\/uploads\/wpcu3er\/1897\/CU3ER_3D Slider - Full Width - Dark - No Loader\/CU3ER-config.xml\",\n\t\t\t\t\t\t\t\t\txml_encoded: '%3Cdata%3E%3Clicence%3E%3C%21%5BCDATA%5B%5D%5D%3E%3C%2Flicence%3E%3Clicence%3E%3C%21%5BCDATA%5B%5D%5D%3E%3C%2Flicence%3E%3Clicence%3E%3C%21%5BCDATA%5B%5D%5D%3E%3C%2Flicence%3E%3Clicence%3E%3C%21%5BCDATA%5B%5D%5D%3E%3C%2Flicence%3E%3Clicence%3E%3C%21%5BCDATA%5B%5D%5D%3E%3C%2Flicence%3E%3Cproject_settings%3E%3Cwidth%3E940%3C%2Fwidth%3E%3Cheight%3E400%3C%2Fheight%3E%3C%2Fproject_settings%3E%3Csettings%3E%3Cbackground%3E%3Ccolor+transparent%3D%22true%22%3E0xf4f4f2%3C%2Fcolor%3E%3C%2Fbackground%3E%3Cfolder_images%3E%3C%21%5BCDATA%5B%2Fsitio%2Fwp-content%2Fuploads%2Fwpcu3er%2F1897%2FCU3ER_3D+Slider+-+Full+Width+-+Dark+-+No+Loader%2Fimages%2F%5D%5D%3E%3C%2Ffolder_images%3E%3Cfolder_fonts%3E%3C%21%5BCDATA%5B%2Fsitio%2Fwp-content%2Fuploads%2Fwpcu3er%2F1897%2FCU3ER_3D+Slider+-+Full+Width+-+Dark+-+No+Loader%2Ffonts%2F%5D%5D%3E%3C%2Ffolder_fonts%3E%3C%2Fsettings%3E%3Cpreloader%3E%3Cimage+align_to%3D%22stage%22+align_pos%3D%22MC%22+x%3D%220%22+y%3D%220%22+loader_direction%3D%22down%22+width%3D%22100%22+height%3D%22100%22%3E%3Curl%3Ecustom-preloader-logo.png%3C%2Furl%3E%3C%2Fimage%3E%3C%2Fpreloader%3E%3Cdefaults%3E%3Cslide+time%3D%225%22+color%3D%220x000000%22+transparent%3D%22false%22%3E%3Clink+target%3D%22_blank%22+%2F%3E%3Cdescription%3E%3Clink+target%3D%22_blank%22+%2F%3E%3C%2Fdescription%3E%3Cimage+align_pos%3D%22MC%22+x%3D%220%22+y%3D%220%22+scaleX%3D%221%22+scaleY%3D%221%22+%2F%3E%3C%2Fslide%3E%3Ctransition+type%3D%223D%22+columns%3D%223%22+rows%3D%223%22+type2D%3D%22slide%22+flipAngle%3D%22180%22+flipOrder%3D%2245%22+flipShader%3D%22none%22+flipOrderFromCenter%3D%22false%22+flipDirection%3D%22left%22+flipColor%3D%220x878787%22+flipBoxDepth%3D%2220%22+flipDepth%3D%22260%22+flipEasing%3D%22Sine.easeOut%22+flipDuration%3D%22.6%22+flipDelay%3D%22.15%22+flipDelayRandomize%3D%220%22+%2F%3E%3C%2Fdefaults%3E%3Cslides+align_pos%3D%22TL%22+x%3D%220%22+y%3D%220%22+width%3D%22940%22+height%3D%22359.95%22%3E%3Cslide+use_image%3D%22true%22%3E%3Curl%3E%3C%21%5BCDATA%5Bpremium-wordpress-theme-newslider-1.jpg%5D%5D%3E%3C%2Furl%3E%3Clink+target%3D%22_self%22+%2F%3E%3C%2Fslide%3E%3Ctransition+columns%3D%224%22+rows%3D%226%22+flipOrder%3D%22270%22+flipDirection%3D%22down%22+%2F%3E%3Cslide+use_image%3D%22true%22%3E%3Curl%3E%3C%21%5BCDATA%5Bpremium-wordpress-theme-newslider-4.jpg%5D%5D%3E%3C%2Furl%3E%3Clink+target%3D%22_self%22+%2F%3E%3C%2Fslide%3E%3Ctransition+columns%3D%221%22+rows%3D%225%22+flipOrder%3D%22270%22+flipDirection%3D%22down%22+%2F%3E%3Cslide+use_image%3D%22true%22%3E%3Curl%3E%3C%21%5BCDATA%5Bpremium-wordpress-theme-newslider-2.jpg%5D%5D%3E%3C%2Furl%3E%3Clink+target%3D%22_self%22+%2F%3E%3C%2Fslide%3E%3Ctransition+columns%3D%229%22+rows%3D%221%22+flipOrder%3D%22270%22+flipDirection%3D%22down%2Cright%22+%2F%3E%3Cslide+use_image%3D%22true%22%3E%3Curl%3E%3C%21%5BCDATA%5Bpremium-wordpress-theme-newslider-3.jpg%5D%5D%3E%3C%2Furl%3E%3Clink+target%3D%22_self%22+%2F%3E%3C%2Fslide%3E%3Ctransition+columns%3D%225%22+rows%3D%225%22+flipOrder%3D%22270%22+flipDirection%3D%22down%22+%2F%3E%3Cslide+use_image%3D%22true%22%3E%3Curl%3E%3C%21%5BCDATA%5Bpremium-wordpress-theme-newslider-5.jpg%5D%5D%3E%3C%2Furl%3E%3Clink+target%3D%22_self%22+%2F%3E%3C%2Fslide%3E%3Ctransition+columns%3D%221%22+rows%3D%221%22+flipOrder%3D%22270%22+flipDirection%3D%22down%22+flipBoxDepth%3D%22250%22+flipDepth%3D%22400%22+%2F%3E%3Cslide+use_image%3D%22true%22%3E%3Curl%3E%3C%21%5BCDATA%5Bpremium-wordpress-theme-newslider-6.jpg%5D%5D%3E%3C%2Furl%3E%3Clink+target%3D%22_self%22+%2F%3E%3C%2Fslide%3E%3Ctransition+columns%3D%221%22+flipOrder%3D%22270%22+flipOrderFromCenter%3D%22true%22+flipDirection%3D%22down%22+flipBoxDepth%3D%22100%22+flipDepth%3D%22450%22+%2F%3E%3Cslide+use_image%3D%22true%22%3E%3Curl%3E%3C%21%5BCDATA%5Bpremium-wordpress-theme-newslider-1.jpg%5D%5D%3E%3C%2Furl%3E%3Clink+target%3D%22_self%22+%2F%3E%3C%2Fslide%3E%3Ctransition+columns%3D%224%22+rows%3D%224%22+flipOrder%3D%22270%22+flipDirection%3D%22down%22+%2F%3E%3Cslide+use_image%3D%22true%22%3E%3Curl%3E%3C%21%5BCDATA%5Bpremium-wordpress-theme-newslider-2.jpg%5D%5D%3E%3C%2Furl%3E%3Clink+target%3D%22_self%22+%2F%3E%3C%2Fslide%3E%3Ctransition+columns%3D%2211%22+rows%3D%221%22+flipOrder%3D%22270%22+flipOrderFromCenter%3D%22true%22+%2F%3E%3C%2Fslides%3E%3C%2Fdata%3E',\n\t\t\t\t\t\t\t\t\tswf_location: 'http:\/\/qaustral.com.ar\/sitio\/wp-content\/uploads\/wpcu3er\/CU3ER.swf?1775556679',\n\t\t\t\t\t\t\t\t\tcss_location: 'http:\/\/qaustral.com.ar\/sitio\/wp-content\/plugins\/wpcu3er\/css\/CU3ER.css',\n\t\t\t\t\t\t\t\t\tjs_location: 'http:\/\/qaustral.com.ar\/sitio\/wp-content\/uploads\/wpcu3er\/jquery.cu3er.player.js?1775556679',\n\t\t\t\t\t\t\t\t\twidth: '940',\n\t\t\t\t\t\t\t\t\theight: '400',\n\t\t\t\t\t\t\t\t\tforce_javascript: false,\n\t\t\t\t\t\t\t\t\tforce_flash: false\n\t\t\t\t\t\t\t\t},\n\t\t\t\t\t\t\t\tparams: {\n\t\t\t\t\t\t\t\t\twmode : 'transparent',\n\t\t\t\t\t\t\t\t\tallowScriptAccess: 'always'\n\t\t\t\t\t\t\t\t},\n\t\t\t\t\t\t\t\tattributes: {\n\t\t\t\t\t\t\t\t\tid:'CU3ER3',\n\t\t\t\t\t\t\t\t\tname:'CU3ER3'\n\t\t\t\t\t\t\t\t}\n\t\t\t\t\t\t\t});\n\t\t\t\t\t\t});\n\t\t\t\t\t<\/script><\/p>\n<ul style=\"position:absolute; left:-50000px;\">\n<li><\/li>\n<li><\/li>\n<li><\/li>\n<li><\/li>\n<li><\/li>\n<li><\/li>\n<li><\/li>\n<li><\/li>\n<\/ul>\n<\/div>\n<table border=\"0\" width=\"400\" cellspacing=\"1\" cellpadding=\"0\" align=\"left\">\n<tbody>\n<tr>\n<td><a href=\"http:\/\/qaustral.com.ar\/\"><img loading=\"lazy\" decoding=\"async\" class=\"aligncenter size-full wp-image-6668\" src=\"http:\/\/qaustral.com.ar\/sitio\/wp-content\/uploads\/qa-1.png\" alt=\"\" width=\"935\" height=\"150\" srcset=\"http:\/\/qaustral.com.ar\/sitio\/wp-content\/uploads\/qa-1.png 935w, http:\/\/qaustral.com.ar\/sitio\/wp-content\/uploads\/qa-1-300x48.png 300w, http:\/\/qaustral.com.ar\/sitio\/wp-content\/uploads\/qa-1-768x123.png 768w\" sizes=\"auto, (max-width: 935px) 100vw, 935px\" \/><\/a><\/td>\n<\/tr>\n<tr>\n<td><\/td>\n<\/tr>\n<\/tbody>\n<\/table>\n<div class=\"one_fourth\"><div class=\"modern_img_frame modern_four_col_large\"><div class=\"modern_preload_four_col_large\"><div class=\"attachment-fadeIn\"><a href=\"http:\/\/qaustral.com.ar\/sitio\/servicios\/left-nav-sidebar\/\" target=\"\"><img src='http:\/\/qaustral.com.ar\/sitio\/wp-content\/themes\/Karma\/truethemes_framework\/extended\/timthumb\/timthumb.php?src=http:\/\/qaustral.com.ar\/sitio\/wp-content\/uploads\/esp5.jpg&amp;h=111&amp;w=190' alt='' \/><\/a><\/div><\/div><\/div><!-- end img_frame --><p>Toda estrategia de servicio consiste en mantener a los actuales Clientes en un elevado nivel de satisfacci\u00f3n. Lograr la fidelizaci\u00f3n de Clientes (internos y externos) se ha convertido en uno de los objetivos m\u00e1s importantes de las empresas modernas. <a href=\"http:\/\/qaustral.com.ar\/sitio\/servicios\/left-nav-sidebar\/\">Ver<\/a><\/p>\n<\/div><div class=\"one_fourth\"><div class=\"modern_img_frame modern_four_col_large\"><div class=\"modern_preload_four_col_large\"><div class=\"attachment-fadeIn\"><a href=\"http:\/\/qaustral.com.ar\/sitio\/servicios\/left-nav\/\" target=\"\"><img src='http:\/\/qaustral.com.ar\/sitio\/wp-content\/themes\/Karma\/truethemes_framework\/extended\/timthumb\/timthumb.php?src=http:\/\/qaustral.com.ar\/sitio\/wp-content\/uploads\/esp2.jpg&amp;h=111&amp;w=190' alt='' \/><\/a><\/div><\/div><\/div><!-- end img_frame --><p>Contamos con el conocimiento necesario para aplicar metodolog\u00edas \u00e1giles (Ej.extreme programming) o tradicionales dependiendo de las caracter\u00edsticas del producto que se desarrolla.<a href=\"http:\/\/qaustral.com.ar\/sitio\/servicios\/left-nav\/\">Ver<\/a><\/p>\n<\/div><div class=\"one_fourth\"><div class=\"modern_img_frame modern_four_col_large\"><div class=\"modern_preload_four_col_large\"><div class=\"attachment-fadeIn\"><a href=\"http:\/\/qaustral.com.ar\/sitio\/empresa\/utilidades\/oportunidades-laborales\/\" target=\"\"><img src='http:\/\/qaustral.com.ar\/sitio\/wp-content\/themes\/Karma\/truethemes_framework\/extended\/timthumb\/timthumb.php?src=http:\/\/qaustral.com.ar\/sitio\/wp-content\/uploads\/esp8.jpg&amp;h=111&amp;w=190' alt='' \/><\/a><\/div><\/div><\/div><!-- end img_frame --><p>Nuestro Staff se compone de profesionales y visionarios que desarrollan su carrera especializandose en Calidad de Software y Negocios. Si quieres sumarte a nuestro equipo puedes enviarnos tu CVs para incluirte en nuestras propuestas laborales. <a href=\"http:\/\/qaustral.com.ar\/sitio\/jobs\/\">Ver<\/a> <\/p>\n<\/div><div class=\"one_fourth_last\"><div class=\"modern_img_frame modern_four_col_large\"><div class=\"modern_preload_four_col_large\"><div class=\"attachment-fadeIn\"><a href=\"http:\/\/qaustral.com.ar\/sitio\/empresa\/utilidades\/cronograma-anual\/\" target=\"\"><img src='http:\/\/qaustral.com.ar\/sitio\/wp-content\/themes\/Karma\/truethemes_framework\/extended\/timthumb\/timthumb.php?src=http:\/\/qaustral.com.ar\/sitio\/wp-content\/uploads\/esp4.jpg&amp;h=111&amp;w=190' alt='' \/><\/a><\/div><\/div><\/div><!-- end img_frame --><p>Nuestro cronograma de formaciones abiertas para profesionales de Calidad de Software. Las fechas publicadas corresponden a Argentina y Chile. <a href=\"http:\/\/qaustral.com.ar\/sitio\/empresa\/utilidades\/cronograma-anual\/\">Ver<\/a> <\/p>\n<\/div><br class=\"clear\" \/>","protected":false},"excerpt":{"rendered":"<p><\/p>\n","protected":false},"author":1,"featured_media":0,"parent":0,"menu_order":0,"comment_status":"closed","ping_status":"closed","template":"template-homepage-full-width.php","meta":{"footnotes":""},"class_list":["post-4758","page","type-page","status-publish","hentry"],"_links":{"self":[{"href":"http:\/\/qaustral.com.ar\/sitio\/wp-json\/wp\/v2\/pages\/4758","targetHints":{"allow":["GET"]}}],"collection":[{"href":"http:\/\/qaustral.com.ar\/sitio\/wp-json\/wp\/v2\/pages"}],"about":[{"href":"http:\/\/qaustral.com.ar\/sitio\/wp-json\/wp\/v2\/types\/page"}],"author":[{"embeddable":true,"href":"http:\/\/qaustral.com.ar\/sitio\/wp-json\/wp\/v2\/users\/1"}],"replies":[{"embeddable":true,"href":"http:\/\/qaustral.com.ar\/sitio\/wp-json\/wp\/v2\/comments?post=4758"}],"version-history":[{"count":35,"href":"http:\/\/qaustral.com.ar\/sitio\/wp-json\/wp\/v2\/pages\/4758\/revisions"}],"predecessor-version":[{"id":6672,"href":"http:\/\/qaustral.com.ar\/sitio\/wp-json\/wp\/v2\/pages\/4758\/revisions\/6672"}],"wp:attachment":[{"href":"http:\/\/qaustral.com.ar\/sitio\/wp-json\/wp\/v2\/media?parent=4758"}],"curies":[{"name":"wp","href":"https:\/\/api.w.org\/{rel}","templated":true}]}}