{"id":4761,"date":"2011-08-30T23:43:02","date_gmt":"2011-08-30T15:43:02","guid":{"rendered":"http:\/\/denzeldesigns.org\/?page_id=4760"},"modified":"2012-01-10T16:00:19","modified_gmt":"2012-01-10T16:00:19","slug":"left-nav","status":"publish","type":"page","link":"http:\/\/qaustral.com.ar\/sitio\/servicios\/left-nav\/","title":{"rendered":"Calidad de Software"},"content":{"rendered":"<p>Contamos con el conocimiento necesario para aplicar metodolog\u00edas \u00e1giles (Ej.extreme programming) o tradicionales dependiendo de las caracter\u00edsticas del producto que se desarrolla. <\/p>\n<p>\u201c<strong>El Objetivo principal de QAustral<\/strong> es entregar software estable, libre de errores y asegurar el cumplimiento total de los requerimientos especificados.\u201d<br \/>\n<strong>Estable:<\/strong> El usuario final no experimentar\u00e1 ning\u00fan comportamiento inesperado.<br \/>\n<strong>Libre de errores:<\/strong> Mediante distintas t\u00e9cnicas de testing de software se detectar\u00e1n los bugs del software.<br \/>\n<strong>Requerimientos Especificados:<\/strong> Algunos casos de prueba se generar\u00e1n a partir de la especificaci\u00f3n de requerimientos del sistema. <\/p>\n<p>A su vez se generan los test de aceptaci\u00f3n de Usuario conjuntamente con el usuario final garantizando la satisfacci\u00f3n del mismo y la entrega en tiempo del sistema.<\/p>\n<p><a href=\"http:\/\/qaustral.com.ar\/sitio\/servicios\/left-nav\/txt3-2\/\" rel=\"attachment wp-att-5020\"><img loading=\"lazy\" decoding=\"async\" class=\"aligncenter size-full wp-image-5020\" title=\"Calidad de Software\" src=\"http:\/\/qaustral.com.ar\/sitio\/wp-content\/uploads\/txt31.png\" alt=\"QAustral\" width=\"700\" height=\"450\" srcset=\"http:\/\/qaustral.com.ar\/sitio\/wp-content\/uploads\/txt31.png 700w, http:\/\/qaustral.com.ar\/sitio\/wp-content\/uploads\/txt31-300x192.png 300w\" sizes=\"auto, (max-width: 700px) 100vw, 700px\" \/><\/a><\/p>\n<p><strong>\u00bfComo aseguramos calidad?<\/strong><br \/>\nCapacitamos los analistas \u2013 testers de nuestro staff y de las empresas clientes en distintas t\u00e9cnicas de testing.<br \/>\nAplicamos metodolog\u00edas apropiadas a las caracter\u00edsticas del Software en desarrollo. Desde metodolog\u00edas \u00c1giles (XP por ejemplo) hasta tradicionales.<br \/>\nTesteamos las aplicaciones desde el punto de vista del usuario final y desde el punto de vista T\u00e9cnico.<br \/>\nCoordinamos todas las \u00e1reas involucradas en el desarrollo de software garantizando consistencia en cada etapa y cumplimiento de los objetivos pautados.<br \/>\nTodos los servicios se pueden ofrecer en modalidad remota o en la compa\u00f1\u00eda. <\/p>\n<p><strong> Nuestro Conocimiento<\/strong><br \/>\nNuestra experiencia profesional se desarroll\u00f3 en grandes empresas en Europa, EEUU y en empresas Multinacionales. Hemos liderado el \u00e1rea de calidad donde establecimos procedimientos y metodolog\u00edas de trabajo entre otras tareas.<br \/>\nNos hemos especializado Acad\u00e9micamente en el \u00e1rea de Calidad de Software y lo seguimos haciendo continuamente. Creamos la Primer Diplomatura de Calidad de Software oficial con Universidades en Argentina.<br \/>\nSomos proveedores Acreditados de formaciones ISTQB y dictamos estas actividades en diferentes regiones del mundo.<br \/>\nHemos participado en actividades laborales y entrenamientos en Argentina, Alemania, Brasil,<br \/>\nUruguay, Reino Unido, Italia ,EEUU,  Espa\u00f1a, Holanda, B\u00e9lgica, Francia, India y otros.<br \/>\nMantenemos una red de contactos exclusivos a nivel internacional para tener siempre conocimiento de las nuevas Metodolog\u00edas y de las tendencias del mercado tecnol\u00f3gico.<\/p>\n","protected":false},"excerpt":{"rendered":"<p>Contamos con el conocimiento necesario para aplicar metodolog\u00edas \u00e1giles (Ej.extreme programming) o tradicionales dependiendo de las caracter\u00edsticas del producto que se desarrolla. <br \/>\n\u201cEl Objetivo principal de QAustral es entregar software estable, libre de errores y asegurar el cumplimiento total de los requerimientos especificados.\u201d<br \/>\nEstable: El usuario final no experimentar\u00e1 ning\u00fan comportamiento inesperado.<br \/>\nLibre de errores: Mediante distintas t\u00e9cnicas de testing de software se detectar\u00e1n los bugs del software.<br \/>\nRequerimientos Especificados: Algunos casos de prueba se generar\u00e1n a partir de &#8230;<\/p>\n","protected":false},"author":1,"featured_media":0,"parent":4905,"menu_order":1,"comment_status":"closed","ping_status":"closed","template":"template_leftnav.php","meta":{"footnotes":""},"class_list":["post-4761","page","type-page","status-publish","hentry"],"_links":{"self":[{"href":"http:\/\/qaustral.com.ar\/sitio\/wp-json\/wp\/v2\/pages\/4761","targetHints":{"allow":["GET"]}}],"collection":[{"href":"http:\/\/qaustral.com.ar\/sitio\/wp-json\/wp\/v2\/pages"}],"about":[{"href":"http:\/\/qaustral.com.ar\/sitio\/wp-json\/wp\/v2\/types\/page"}],"author":[{"embeddable":true,"href":"http:\/\/qaustral.com.ar\/sitio\/wp-json\/wp\/v2\/users\/1"}],"replies":[{"embeddable":true,"href":"http:\/\/qaustral.com.ar\/sitio\/wp-json\/wp\/v2\/comments?post=4761"}],"version-history":[{"count":10,"href":"http:\/\/qaustral.com.ar\/sitio\/wp-json\/wp\/v2\/pages\/4761\/revisions"}],"predecessor-version":[{"id":5127,"href":"http:\/\/qaustral.com.ar\/sitio\/wp-json\/wp\/v2\/pages\/4761\/revisions\/5127"}],"up":[{"embeddable":true,"href":"http:\/\/qaustral.com.ar\/sitio\/wp-json\/wp\/v2\/pages\/4905"}],"wp:attachment":[{"href":"http:\/\/qaustral.com.ar\/sitio\/wp-json\/wp\/v2\/media?parent=4761"}],"curies":[{"name":"wp","href":"https:\/\/api.w.org\/{rel}","templated":true}]}}