{"id":4763,"date":"2011-08-30T23:43:56","date_gmt":"2011-08-30T15:43:56","guid":{"rendered":"http:\/\/denzeldesigns.org\/?page_id=4763"},"modified":"2012-02-04T21:45:04","modified_gmt":"2012-02-04T21:45:04","slug":"right-nav","status":"publish","type":"page","link":"http:\/\/qaustral.com.ar\/sitio\/servicios\/right-nav\/","title":{"rendered":"Back Office"},"content":{"rendered":"<p>Desde QA ofrecemos diferentes  sistemas de apoyo al negocio mediante  back office.<br \/>\nLa experiencia y actividad propuesta en los servicios de Calidad de Negocios motivan un complemento ideal con la actividad de Back Office. Desarrollamos esta propuesta como una funci\u00f3n aislada o como parte de un proceso integral del negocio relacionado directamente con la Atenci\u00f3n al Cliente.<\/p>\n<p>\u2022Servicio de Data Entry<\/p>\n<p>\u2022Help desk and technical support <\/p>\n<p>\u2022Proceso de gestiones<\/p>\n<p>\u2022Traducciones<\/p>\n<p>\u2022Atenci\u00f3n al cliente biling\u00fce (Ingl\u00e9s y Espa\u00f1ol) <\/p>\n<p>\u2022Servicios estrat\u00e9gicos<\/p>\n<p><a href=\"http:\/\/qaustral.com.ar\/sitio\/servicios\/right-nav\/t1-2\/\" rel=\"attachment wp-att-5053\"><img loading=\"lazy\" decoding=\"async\" src=\"http:\/\/qaustral.com.ar\/sitio\/wp-content\/uploads\/t1.gif\" alt=\"\" title=\"t1\" width=\"224\" height=\"208\" class=\"alignleft size-full wp-image-5053\" \/><\/a>Los beneficios de tercerizar actividades de estas caracter\u00edsticas son numerosos y poseen un impacto inmediato<br \/>\nen el ritmo interno de una Instituci\u00f3n. Mejorar la utilizaci\u00f3n de los recursos disponibles, focalizar la atenci\u00f3n<br \/>\nde gesti\u00f3n en otras actividades de importancia, optimizar la relaci\u00f3n con los clientes y obtener datos estad\u00edsticos<br \/>\npara la toma de decisiones, son algunos de los beneficios inmediatos. <\/p>\n<p>QAustral es una empresa que se especializa en productos y servicios de calidad, por esa raz\u00f3n la seguridad de obtener una propuesta de m\u00e1xima calidad es un requerimiento asegurado.<br \/>\nNuestra propuesta de servicios de Back office ofrece las mejores condiciones de calidad que pueden encontrarse en el mercado, desarrolladas desde un amplio conocimiento; que tiene como punto de partida nuestra consultor\u00eda especializada en Calidad de Negocios.<\/p>\n","protected":false},"excerpt":{"rendered":"<p>Desde QA ofrecemos diferentes  sistemas de apoyo al negocio mediante  back office.<br \/>\nLa experiencia y actividad propuesta en los servicios de Calidad de Negocios motivan un complemento ideal con la actividad de Back Office. Desarrollamos esta propuesta como una funci\u00f3n aislada o como parte de un proceso integral del negocio relacionado directamente con la Atenci\u00f3n al Cliente.<br \/>\n\u2022Servicio de Data Entry<br \/>\n\u2022Help desk and technical support <br \/>\n\u2022Proceso de gestiones<br \/>\n\u2022Traducciones<br \/>\n\u2022Atenci\u00f3n al cliente biling\u00fce (Ingl\u00e9s y Espa\u00f1ol) &#8230;<\/p>\n","protected":false},"author":1,"featured_media":0,"parent":4905,"menu_order":4,"comment_status":"closed","ping_status":"closed","template":"template_leftnav.php","meta":{"footnotes":""},"class_list":["post-4763","page","type-page","status-publish","hentry"],"_links":{"self":[{"href":"http:\/\/qaustral.com.ar\/sitio\/wp-json\/wp\/v2\/pages\/4763","targetHints":{"allow":["GET"]}}],"collection":[{"href":"http:\/\/qaustral.com.ar\/sitio\/wp-json\/wp\/v2\/pages"}],"about":[{"href":"http:\/\/qaustral.com.ar\/sitio\/wp-json\/wp\/v2\/types\/page"}],"author":[{"embeddable":true,"href":"http:\/\/qaustral.com.ar\/sitio\/wp-json\/wp\/v2\/users\/1"}],"replies":[{"embeddable":true,"href":"http:\/\/qaustral.com.ar\/sitio\/wp-json\/wp\/v2\/comments?post=4763"}],"version-history":[{"count":9,"href":"http:\/\/qaustral.com.ar\/sitio\/wp-json\/wp\/v2\/pages\/4763\/revisions"}],"predecessor-version":[{"id":5270,"href":"http:\/\/qaustral.com.ar\/sitio\/wp-json\/wp\/v2\/pages\/4763\/revisions\/5270"}],"up":[{"embeddable":true,"href":"http:\/\/qaustral.com.ar\/sitio\/wp-json\/wp\/v2\/pages\/4905"}],"wp:attachment":[{"href":"http:\/\/qaustral.com.ar\/sitio\/wp-json\/wp\/v2\/media?parent=4763"}],"curies":[{"name":"wp","href":"https:\/\/api.w.org\/{rel}","templated":true}]}}