{"id":4773,"date":"2011-08-30T23:48:32","date_gmt":"2011-08-30T15:48:32","guid":{"rendered":"http:\/\/denzeldesigns.org\/?page_id=4773"},"modified":"2012-02-20T21:21:37","modified_gmt":"2012-02-20T21:21:37","slug":"shortcodes","status":"publish","type":"page","link":"http:\/\/qaustral.com.ar\/sitio\/shortcodes\/","title":{"rendered":"Capacitaciones"},"content":{"rendered":"<p><strong>QAustral ha desarrollado un programa de formaciones donde los profesionales interesados pueden encontrar respuestas a sus necesidades particulares de conocimiento y entrenamiento.<\/strong><br \/>\nFormaciones de Calidad de Negocios, Capacitaciones en diferentes estrategias de Testing y niveles de conocimiento, Herraminetas, entranamiento oficial ISTQB y cursos IREB se complementan para aportar soluciones en un nivel alto de exigencias y profesionalismo.<\/p>\n<p>La firma posee una trayectoria importante en las propuestas de formaciones donde ya han tomado parte m\u00e1s de 300 profesionales. En 2007 QAustral cre\u00f3 por primera vez en Argentina, la Diplomatura en Testing de Software profesional que fue dictada de modo oficial y aprobada por el Ministerio de Educaci\u00f3n en conjunto con la Universidad Empresarial Siglo XXI. Posteriormente otras universidades contaron con la participaci\u00f3n de QAustral en el dictado de Diplomaturas de Testing, como la Universidad Tecnol\u00f3gica Nacional. Adem\u00e1s de los entrenamientos empresariales que se han extendido incluso a empresas de Brasil.<br \/>\nDurante 2009 el equipo de QAustral  dict\u00f3 y particip\u00f3 de seminarios internacionales en Am\u00e9rica Latina y Europa; consolidando la presencia acad\u00e9mica y convirti\u00e9ndose en miembro del Comit\u00e9 de Pruebas de Software de Hispanoam\u00e9rica; Hispanic America Software Testing Qualification Board (HASTQB). En 2010, la empresa comienza el dictado por primera vez de cursos homologados y oficiales en Argentina, del International Software Testing Qualifications Board (ISTQB) incluyendo el examen de certificaci\u00f3n internacional.<\/p>\n<p>QAustral es el primer proveedor de cursos acreditados de HASTQB, para las certificaciones de ISTQB, en Argentina y uno de los tres primeros de Latinoam\u00e9rica.<\/p>\n<p><strong>IREB<\/strong><br \/>\nNuestro equipo brinda formaciones oficiales de esta certificacion internacional. IREB (International Requirements Engineering Board) es una cerficaci\u00f3n internacional en tres niveles (Foundation, Advance y Expert) equivalente al ISTQB de testing. El objetivo de esta certificaci\u00f3n no es s\u00f3lo adquirir conocimientos de como documentar requisitos, sino que tambi\u00e9n como capturar la informaci\u00f3n, especificaci\u00f3n bien estructurada, trazabilidad, revisi\u00f3n y gesti\u00f3n del cambio entre otros aspectos. El IREB forma tambi\u00e9n parte de uno de los m\u00f3dulos del QAMP (Quality Assurance Management Professional)<\/p>\n<p><strong>ISTQB <\/strong><br \/>\nEl comit\u00e9 internacional de cualificaci\u00f3n de pruebas de software (ISTQBTM: International Software Testing Qualification Board, www.istqb.org) es una organizaci\u00f3n, creada en el a\u00f1o 2002, con el fin de soportar y definir un esquema de certificaci\u00f3n internacional. Dicho comit\u00e9 suministra el plan de estudios y el glosario en los cuales se definen los est\u00e1ndares internacionales por nivel y se establecen las gu\u00edas para la acreditaci\u00f3n y evaluaci\u00f3n de los profesionales del testing a cargo de los comit\u00e9s de cada pa\u00eds. Actualmente posee mas de 180 000 profesionales certificados en todo el mundo. QAustral es un proveedor acreditado de Foundation Level y Advanced Level de ISTQB.<\/p>\n<p><strong>Las propuestas de formaciones actuales de la firma son:<\/strong><\/p>\n<table width=\"200\" border=\"0\" cellspacing=\"7\" cellpadding=\"0\" align=\"center\">\n<tbody>\n<tr>\n<td><a href=\"http:\/\/qaustral.com.ar\/sitio\/shortcodes\/istqb\/\"><img loading=\"lazy\" decoding=\"async\" src=\"http:\/\/qaustral.com.ar\/bot\/b\/f1.jpg\" alt=\"\" width=\"400\" height=\"40\" border=\"0\" \/><\/a><\/td>\n<\/tr>\n<tr>\n<td><a href=\"http:\/\/qaustral.com.ar\/sitio\/shortcodes\/ireb-formaciones-oficiales\/\"><img loading=\"lazy\" decoding=\"async\" src=\"http:\/\/qaustral.com.ar\/bot\/b\/ireb.jpg\" alt=\"IREB\" width=\"400\" height=\"40\" border=\"0\"><\/a><\/td>\n<\/tr>\n<tr>\n<td><a href=\"http:\/\/qaustral.com.ar\/sitio\/shortcodes\/buttons-lists-text\/\"><img loading=\"lazy\" decoding=\"async\" src=\"http:\/\/qaustral.com.ar\/bot\/b\/f2.jpg\" alt=\"\" width=\"400\" height=\"40\" border=\"0\" \/><\/a><\/td>\n<\/tr>\n<tr>\n<td><a href=\"http:\/\/qaustral.com.ar\/sitio\/shortcodes\/columns-callouts\/\"><img loading=\"lazy\" decoding=\"async\" src=\"http:\/\/qaustral.com.ar\/bot\/b\/f3.jpg\" alt=\"\" width=\"400\" height=\"40\" border=\"0\" \/><\/a><\/td>\n<\/tr>\n<tr>\n<td><a href=\"http:\/\/qaustral.com.ar\/sitio\/shortcodes\/external-image-frames\/\"><img loading=\"lazy\" decoding=\"async\" src=\"http:\/\/qaustral.com.ar\/bot\/b\/f5.jpg\" alt=\"\" width=\"400\" height=\"40\" border=\"0\" \/><\/a><\/td>\n<\/tr>\n<tr>\n<td><a href=\"http:\/\/qaustral.com.ar\/sitio\/shortcodes\/seminario-de-examen\/%20\"><img loading=\"lazy\" decoding=\"async\" src=\"http:\/\/qaustral.com.ar\/bot\/b\/f4.jpg\" alt=\"\" width=\"400\" height=\"40\" border=\"0\" \/><\/a><\/td>\n<\/tr>\n<\/tbody>\n<\/table>\n","protected":false},"excerpt":{"rendered":"<p>QAustral ha desarrollado un programa de formaciones donde los profesionales interesados pueden encontrar respuestas a sus necesidades particulares de conocimiento y entrenamiento.<br \/>\nFormaciones de Calidad de Negocios, Capacitaciones en diferentes estrategias de Testing y niveles de conocimiento, Herraminetas, entranamiento oficial ISTQB y cursos IREB se complementan para aportar soluciones en un nivel alto de exigencias y profesionalismo.<br \/>\nLa firma posee una trayectoria importante en las propuestas de formaciones donde ya han tomado parte m\u00e1s de 300 profesionales. En 2007 QAustral &#8230;<\/p>\n","protected":false},"author":1,"featured_media":0,"parent":0,"menu_order":0,"comment_status":"closed","ping_status":"closed","template":"template_leftnav.php","meta":{"footnotes":""},"class_list":["post-4773","page","type-page","status-publish","hentry"],"_links":{"self":[{"href":"http:\/\/qaustral.com.ar\/sitio\/wp-json\/wp\/v2\/pages\/4773","targetHints":{"allow":["GET"]}}],"collection":[{"href":"http:\/\/qaustral.com.ar\/sitio\/wp-json\/wp\/v2\/pages"}],"about":[{"href":"http:\/\/qaustral.com.ar\/sitio\/wp-json\/wp\/v2\/types\/page"}],"author":[{"embeddable":true,"href":"http:\/\/qaustral.com.ar\/sitio\/wp-json\/wp\/v2\/users\/1"}],"replies":[{"embeddable":true,"href":"http:\/\/qaustral.com.ar\/sitio\/wp-json\/wp\/v2\/comments?post=4773"}],"version-history":[{"count":7,"href":"http:\/\/qaustral.com.ar\/sitio\/wp-json\/wp\/v2\/pages\/4773\/revisions"}],"predecessor-version":[{"id":5103,"href":"http:\/\/qaustral.com.ar\/sitio\/wp-json\/wp\/v2\/pages\/4773\/revisions\/5103"}],"wp:attachment":[{"href":"http:\/\/qaustral.com.ar\/sitio\/wp-json\/wp\/v2\/media?parent=4773"}],"curies":[{"name":"wp","href":"https:\/\/api.w.org\/{rel}","templated":true}]}}