{"id":4775,"date":"2011-08-30T23:49:33","date_gmt":"2011-08-30T15:49:33","guid":{"rendered":"http:\/\/denzeldesigns.org\/?page_id=4775"},"modified":"2012-01-27T19:10:39","modified_gmt":"2012-01-27T19:10:39","slug":"external-image-frames","status":"publish","type":"page","link":"http:\/\/qaustral.com.ar\/sitio\/shortcodes\/external-image-frames\/","title":{"rendered":"Ex\u00e1menes de Certificaciones"},"content":{"rendered":"<p>Certificar el contenido aprendido en los cursos oficiales ISTQB, permite al profesional ingresar en un selecto grupo de conocimiento que se desarrolla en un esquema internacionalmente reconocido.<\/p>\n<p>Exsiten actualmente dos modalidades por las cuales puede rendirse el ex\u00e1men Internacional, mediante el m\u00e9todo presencial y mediante m\u00e9todo On Line. De modo presencial  realizaremos dos entregas anuales. Las gestiones de pagos de estos x\u00e1menes se realizan por medio de QAustral o iSQI en ambos casos de igual valor.<\/p>\n<p> La segunda manera de tomar el examen es mediante el m\u00e9todo on line. En Bs As existen 5 centro habilitados para esta modalidad (ICANNA, BS Buffa, IT College, etc) y en Cba dos. La complementaci\u00f3n de este m\u00e9todo consiste en utilizar el sistema de Pearson Vue, en Internet y despu\u00e9s seleccionar el centro  y la fecha donde se tomara el examen, se abona mediante el sistema y posteriormente se presenta en el lugar con DNI (Tambi\u00e9n pueden adquirirse los permisos por medio de QAustral).<\/p>\n<p><object id=\"__sse4141530\" width=\"658\" height=\"460\" classid=\"clsid:d27cdb6e-ae6d-11cf-96b8-444553540000\" codebase=\"http:\/\/download.macromedia.com\/pub\/shockwave\/cabs\/flash\/swflash.cab#version=6,0,40,0\"><param name=\"allowFullScreen\" value=\"true\" \/><param name=\"allowScriptAccess\" value=\"always\" \/><param name=\"src\" value=\"http:\/\/static.slidesharecdn.com\/swf\/ssplayer2.swf?doc=e-examsha-new-100518141732-phpapp02&amp;stripped_title=e-exams-hanew\" \/><param name=\"allowscriptaccess\" value=\"always\" \/><param name=\"allowfullscreen\" value=\"true\" \/><embed id=\"__sse4141530\" width=\"658\" height=\"460\" type=\"application\/x-shockwave-flash\" src=\"http:\/\/static.slidesharecdn.com\/swf\/ssplayer2.swf?doc=e-examsha-new-100518141732-phpapp02&amp;stripped_title=e-exams-hanew\" allowFullScreen=\"true\" allowScriptAccess=\"always\" allowscriptaccess=\"always\" allowfullscreen=\"true\" \/><\/object> <\/p>\n","protected":false},"excerpt":{"rendered":"<p>Certificar el contenido aprendido en los cursos oficiales ISTQB, permite al profesional ingresar en un selecto grupo de conocimiento que se desarrolla en un esquema internacionalmente reconocido.<br \/>\nExsiten actualmente dos modalidades por las cuales puede rendirse el ex\u00e1men Internacional, mediante el m\u00e9todo presencial y mediante m\u00e9todo On Line. De modo presencial  realizaremos dos entregas anuales. Las gestiones de pagos de estos x\u00e1menes se realizan por medio de QAustral o iSQI en ambos casos de igual valor.<br \/>\n La segunda &#8230;<\/p>\n","protected":false},"author":1,"featured_media":0,"parent":4773,"menu_order":4,"comment_status":"closed","ping_status":"closed","template":"template_leftnav.php","meta":{"footnotes":""},"class_list":["post-4775","page","type-page","status-publish","hentry"],"_links":{"self":[{"href":"http:\/\/qaustral.com.ar\/sitio\/wp-json\/wp\/v2\/pages\/4775","targetHints":{"allow":["GET"]}}],"collection":[{"href":"http:\/\/qaustral.com.ar\/sitio\/wp-json\/wp\/v2\/pages"}],"about":[{"href":"http:\/\/qaustral.com.ar\/sitio\/wp-json\/wp\/v2\/types\/page"}],"author":[{"embeddable":true,"href":"http:\/\/qaustral.com.ar\/sitio\/wp-json\/wp\/v2\/users\/1"}],"replies":[{"embeddable":true,"href":"http:\/\/qaustral.com.ar\/sitio\/wp-json\/wp\/v2\/comments?post=4775"}],"version-history":[{"count":6,"href":"http:\/\/qaustral.com.ar\/sitio\/wp-json\/wp\/v2\/pages\/4775\/revisions"}],"predecessor-version":[{"id":5097,"href":"http:\/\/qaustral.com.ar\/sitio\/wp-json\/wp\/v2\/pages\/4775\/revisions\/5097"}],"up":[{"embeddable":true,"href":"http:\/\/qaustral.com.ar\/sitio\/wp-json\/wp\/v2\/pages\/4773"}],"wp:attachment":[{"href":"http:\/\/qaustral.com.ar\/sitio\/wp-json\/wp\/v2\/media?parent=4775"}],"curies":[{"name":"wp","href":"https:\/\/api.w.org\/{rel}","templated":true}]}}