{"id":4787,"date":"2011-08-30T23:59:47","date_gmt":"2011-08-30T15:59:47","guid":{"rendered":"http:\/\/denzeldesigns.org\/?page_id=4787"},"modified":"2013-02-18T03:57:36","modified_gmt":"2013-02-18T03:57:36","slug":"columns-callouts","status":"publish","type":"page","link":"http:\/\/qaustral.com.ar\/sitio\/shortcodes\/columns-callouts\/","title":{"rendered":"Cursos &#8211; Calidad de Negocios"},"content":{"rendered":"<p>Los cursos empresariales son complementados con trabajos de Campo de QAustral S.A; de este modo se obtiene un conocimiento detallado y particular de cada realidad empresarial y de contexto laboral. Los seminarios poseen un alto contenido contextual para proveer pr\u00e1cticas concretas y de acciones reales en las instituciones.<br \/>\nLas formaciones relacionadas con calidad de negocios permiten desarrollar un contenido de optimizaciones en las relaciones laborales y profesionalismo en la soluci\u00f3n de inconveneintes propios de la actividad.<br \/>\nActualmente estas formaciones son brindadas solo en <strong>Formato Empresa<\/strong>.<\/p>\n<p>Adem\u00e1s el programa profesional de Outplacement propone un trabajo con las \u00e1reas de RRHH que posee una gran dimenci\u00f3n social y de armonia en los equipos de trabajo.<\/p>\n<table style=\"width: 473px; height: 172px;\" width=\"473\" border=\"0\" cellspacing=\"5\" cellpadding=\"0\">\n<tbody>\n<tr>\n<td bgcolor=\"#99cc00\">\n<ul>\n<li><strong><span style=\"font-family: Geneva, Arial, Helvetica, sans-serif; font-size: x-small;\">Temarios de Formaciones <\/span><\/strong><\/li>\n<\/ul>\n<\/td>\n<\/tr>\n<tr>\n<td><strong><span style=\"font-family: Geneva, Arial, Helvetica, sans-serif; font-size: x-small;\"><a href=\"http:\/\/www.qaustral.com.ar\/cct\/Cursos\/cn1.pdf\" target=\"_blank\"><img loading=\"lazy\" decoding=\"async\" src=\"http:\/\/www.qaustral.com.ar\/cct\/QAustral\/sitio\/botones\/c1.jpg\" alt=\"ISTQB FL Argentina\" longdesc=\"QAustral\" width=\"375\" height=\"40\" border=\"0\" \/><\/a><\/span><\/strong><\/td>\n<\/tr>\n<tr>\n<td><strong><span style=\"font-family: Geneva, Arial, Helvetica, sans-serif; font-size: x-small;\"><a href=\"http:\/\/www.qaustral.com.ar\/cct\/Cursos\/cn2.pdf\" target=\"_blank\"><img loading=\"lazy\" decoding=\"async\" src=\"http:\/\/www.qaustral.com.ar\/cct\/QAustral\/sitio\/botones\/c2.jpg\" alt=\"ISTQB AL\" longdesc=\"QAustral\" width=\"375\" height=\"40\" border=\"0\" \/><\/a><\/span><\/strong><\/td>\n<\/tr>\n<tr>\n<td><strong><a href=\"http:\/\/www.qaustral.com.ar\/cct\/Cursos\/ingenieriainversa.pdf\" target=\"_blank\"><img loading=\"lazy\" decoding=\"async\" src=\"http:\/\/www.qaustral.com.ar\/cct\/QAustral\/sitio\/botones\/c3.jpg\" alt=\"ISTQB AL\" longdesc=\"QAustral\" width=\"375\" height=\"40\" border=\"0\" \/><\/a><\/strong><\/td>\n<\/tr>\n<tr>\n<td>El departamento de Calidad de Negocios Cuenta Adem\u00e1s con programas complementarios para empresas:<\/td>\n<\/tr>\n<tr>\n<td><strong><a href=\"http:\/\/www.qaustral.com.ar\/cct\/Cursos\/cn3.pdf\" target=\"_blank\"><img loading=\"lazy\" decoding=\"async\" src=\"http:\/\/www.qaustral.com.ar\/cct\/QAustral\/sitio\/botones\/c4.jpg\" alt=\"ISTQB AL\" longdesc=\"QAustral\" width=\"375\" height=\"40\" border=\"0\" \/><\/a><\/strong><\/td>\n<\/tr>\n<tr>\n<td><strong><a href=\"http:\/\/www.qaustral.com.ar\/cct\/Cursos\/cn4.pdf\" target=\"_blank\"><img loading=\"lazy\" decoding=\"async\" src=\"http:\/\/www.qaustral.com.ar\/cct\/QAustral\/sitio\/botones\/c5.jpg\" alt=\"ISTQB AL\" longdesc=\"QAustral\" width=\"375\" height=\"40\" border=\"0\" \/><\/a><\/strong><\/td>\n<\/tr>\n<tr>\n<td>\u00a0<\/td>\n<\/tr>\n<\/tbody>\n<\/table>\n<p>&nbsp;<\/p>\n<table width=\"200\" border=\"0\" cellspacing=\"1\">\n<tbody>\n<tr>\n<td colspan=\"3\">\u00a0<\/td>\n<\/tr>\n<tr>\n<td><a href=\"http:\/\/qaustral.com.ar\/sitio\/shortcodes\/ireb-formaciones-oficiales\/\" target=\"_blank\"><img loading=\"lazy\" decoding=\"async\" src=\"http:\/\/qaustral.com.ar\/cct\/QAustral\/sitio\/botones\/cr1.jpg\" alt=\"Formaciones QAustral\" width=\"159\" height=\"40\" border=\"0\" \/><\/a><\/td>\n<td><a href=\"http:\/\/qaustral.com.ar\/sitio\/shortcodes\/buttons-lists-text\/\" target=\"_blank\"><img loading=\"lazy\" decoding=\"async\" src=\"http:\/\/qaustral.com.ar\/cct\/QAustral\/sitio\/botones\/cr2.jpg\" alt=\"QAustral\" width=\"159\" height=\"40\" border=\"0\" \/><\/a><\/td>\n<td><a href=\"http:\/\/qaustral.com.ar\/sitio\/tmmi\"><img loading=\"lazy\" decoding=\"async\" src=\"http:\/\/qaustral.com.ar\/cct\/QAustral\/sitio\/botones\/cr3.jpg\" alt=\"QAustral\" width=\"159\" height=\"40\" border=\"0\" \/><\/a><\/td>\n<\/tr>\n<tr>\n<td><a href=\"http:\/\/qaustral.com.ar\/sitio\/shortcodes\/columns-callouts\/\"><img loading=\"lazy\" decoding=\"async\" src=\"http:\/\/qaustral.com.ar\/cct\/QAustral\/sitio\/botones\/cr4.jpg\" alt=\"QAustral\" longdesc=\"Calidad de Negocios\" width=\"159\" height=\"40\" border=\"0\" \/><\/a><\/td>\n<td><a href=\"http:\/\/qaustral.com.ar\/sitio\/fsp\"><img loading=\"lazy\" decoding=\"async\" src=\"http:\/\/qaustral.com.ar\/cct\/QAustral\/sitio\/botones\/cr5.jpg\" alt=\"QAustral\" width=\"159\" height=\"40\" border=\"0\" \/><\/a><\/td>\n<td><a href=\"http:\/\/qaustral.com.ar\/sitio\/shortcodes\/istqb\/\" target=\"_blank\"><img loading=\"lazy\" decoding=\"async\" src=\"http:\/\/qaustral.com.ar\/cct\/QAustral\/sitio\/botones\/cr6.jpg\" alt=\"QAustral\" width=\"159\" height=\"40\" border=\"0\" \/><\/a><\/td>\n<\/tr>\n<\/tbody>\n<\/table>\n<p>&nbsp;<\/p>\n<table class=\"alignleft\" width=\"200\" border=\"0\" cellspacing=\"7\" cellpadding=\"0\" align=\"center\">\n<tbody>\n<tr>\n<td><a href=\"http:\/\/qaustral.com.ar\/sitio\/shortcodes\/columns-callouts\/outplacement\/\"><img loading=\"lazy\" decoding=\"async\" src=\"http:\/\/www.qaustral.com.ar\/bot\/b\/f6.jpg\" alt=\"Outplacement\" width=\"400\" height=\"170\" border=\"0\" \/><\/a><\/td>\n<\/tr>\n<\/tbody>\n<\/table>\n","protected":false},"excerpt":{"rendered":"<p>Los cursos empresariales son complementados con trabajos de Campo de QAustral S.A; de este modo se obtiene un conocimiento detallado y particular de cada realidad empresarial y de contexto laboral. Los seminarios poseen un alto contenido contextual para proveer pr\u00e1cticas concretas y de acciones reales en las instituciones.<br \/>\nLas formaciones relacionadas con calidad de negocios permiten desarrollar un contenido de optimizaciones en las relaciones laborales y profesionalismo en la soluci\u00f3n de inconveneintes propios de la actividad.<br \/>\nActualmente estas formaciones son &#8230;<\/p>\n","protected":false},"author":1,"featured_media":0,"parent":4773,"menu_order":3,"comment_status":"closed","ping_status":"closed","template":"template_leftnav.php","meta":{"footnotes":""},"class_list":["post-4787","page","type-page","status-publish","hentry"],"_links":{"self":[{"href":"http:\/\/qaustral.com.ar\/sitio\/wp-json\/wp\/v2\/pages\/4787","targetHints":{"allow":["GET"]}}],"collection":[{"href":"http:\/\/qaustral.com.ar\/sitio\/wp-json\/wp\/v2\/pages"}],"about":[{"href":"http:\/\/qaustral.com.ar\/sitio\/wp-json\/wp\/v2\/types\/page"}],"author":[{"embeddable":true,"href":"http:\/\/qaustral.com.ar\/sitio\/wp-json\/wp\/v2\/users\/1"}],"replies":[{"embeddable":true,"href":"http:\/\/qaustral.com.ar\/sitio\/wp-json\/wp\/v2\/comments?post=4787"}],"version-history":[{"count":10,"href":"http:\/\/qaustral.com.ar\/sitio\/wp-json\/wp\/v2\/pages\/4787\/revisions"}],"predecessor-version":[{"id":5094,"href":"http:\/\/qaustral.com.ar\/sitio\/wp-json\/wp\/v2\/pages\/4787\/revisions\/5094"}],"up":[{"embeddable":true,"href":"http:\/\/qaustral.com.ar\/sitio\/wp-json\/wp\/v2\/pages\/4773"}],"wp:attachment":[{"href":"http:\/\/qaustral.com.ar\/sitio\/wp-json\/wp\/v2\/media?parent=4787"}],"curies":[{"name":"wp","href":"https:\/\/api.w.org\/{rel}","templated":true}]}}