{"id":4810,"date":"2011-09-08T07:56:18","date_gmt":"2011-09-07T23:56:18","guid":{"rendered":"http:\/\/denzeldesigns.org\/?page_id=4810"},"modified":"2017-06-01T14:53:36","modified_gmt":"2017-06-01T14:53:36","slug":"presentaciones","status":"publish","type":"page","link":"http:\/\/qaustral.com.ar\/sitio\/empresa\/presentaciones\/","title":{"rendered":"Quienes Somos"},"content":{"rendered":"<p><a style=\"line-height: 1.5;\" href=\"http:\/\/qaustral.com.ar\/sitio\/empresa\/presentaciones\/txt\/\" rel=\"attachment wp-att-5004\"><img loading=\"lazy\" decoding=\"async\" class=\"alignleft size-full wp-image-5004\" title=\"txt\" src=\"http:\/\/qaustral.com.ar\/sitio\/wp-content\/uploads\/txt.png\" alt=\"\" width=\"300\" height=\"350\" srcset=\"http:\/\/qaustral.com.ar\/sitio\/wp-content\/uploads\/txt.png 300w, http:\/\/qaustral.com.ar\/sitio\/wp-content\/uploads\/txt-257x300.png 257w\" sizes=\"auto, (max-width: 300px) 100vw, 300px\" \/><\/a><\/p>\n<p>Desde su inicio como firma especializada, QAustral ha desarrollado su objetivo de constituirse como referente en la regi\u00f3n y desarrollar constantemente actividades de vanguardia sobre<strong> Calidad de Software y Negocios<\/strong>. Con equipos especializados y profesionales capacitados, brindamos servicios de Externalizaci\u00f3n de Testing para firmas de primer nivel en distintas regiones del planeta y compartimos nuestro conocimiento con particulares y otras compa\u00f1ias, mediante cursos, talleres, diplomaturas, seminarios, y diferentes eventos. Actualmente poseemos un centro de <strong>Testing con experiencia internacional. Desde 2010, la firma ha sido\u00a0<\/strong>proveedora de los cursos oficiales de HASTQB para la certificaci\u00f3n <strong>ISTQB en Argentina y Latinoam\u00e9rica; actualmente se brinda este servicio en nuestro Partner; \u00a0Gesti\u00f3nIT.\u00a0<\/strong>Creamos la primer diplomatura oficial en \u00abTesting de Software\u00bb de la Rep\u00fablica Argentina, que ha sido dictada en conjunto con universidades y fue aprobada por el Ministerio de Educaci\u00f3n. Representamos un punto de referencia en Calidad de Negocios respondiendo a los principales requerimientos del mercado. El servicio propuesto por nuestra firma es mucho m\u00e1s que una externalizaci\u00f3n de testing o consultor\u00eda. Se trata de un conjunto de elementos que pueden aportar un valor distintivo en la calidad de servicios de cualquier empresa. Construir imagen en relaci\u00f3n a la calidad es una actividad que debe ser realizada por especialistas, y que adem\u00e1s aporta un valor \u00fanico en el mercado, y diferenciador frente a cualquier competencia.<\/p>\n<p>En QAustral somos especialistas en calidad de software y negocios; de este modo su proyecto puede enriquecerse con una imagen empresarial solida en el mercado, contando con un aliado estrat\u00e9gico de trayectoria internacional y de gran disponibilidad en tiempos, idioma, infraestructura, herramientas y red de contactos.<\/p>\n<p>El portfolio de oportunidades para empresas y particulares de QAustral SA. provee un valor \u00fanico. Actualmente nuestro core de Mercado se dirige a los servicios de Calidad de Negocios y de Producto. El portfolio incluye adem\u00e1s, formaci\u00f3n de testers profesionales; donde la empresa es la primer firma homologada en Argentina para proveer la capacitaci\u00f3n y examen de certificaci\u00f3n internacional ISTQB, actualmente con GestionIT como miembro GOLD, formando parte del Hispanic America Software Testing Qualification Board y aportando los primeros pasos para la creaci\u00f3n de la norma de Calidad de Software Argentina. Con estas actividades, las diferentes compa\u00f1\u00edas pueden potenciar sus RRHH y poseer una interesante apertura de nuevos mercados; considerando un gran impacto positivo en su construcci\u00f3n de imagen integral.<\/p>\n<p><strong>Calidad<\/strong><\/p>\n<p><a href=\"http:\/\/qaustral.com.ar\/sitio\/empresa\/presentaciones\/txt1\/\" rel=\"attachment wp-att-5006\"><img loading=\"lazy\" decoding=\"async\" class=\"alignright size-full wp-image-5006\" title=\"txt1\" src=\"http:\/\/qaustral.com.ar\/sitio\/wp-content\/uploads\/txt1.png\" alt=\"\" width=\"315\" height=\"350\" srcset=\"http:\/\/qaustral.com.ar\/sitio\/wp-content\/uploads\/txt1.png 315w, http:\/\/qaustral.com.ar\/sitio\/wp-content\/uploads\/txt1-270x300.png 270w\" sizes=\"auto, (max-width: 315px) 100vw, 315px\" \/><\/a>El centro de testeo de QAustral se encuentra en la Provincia de C\u00f3rdoba, Argentina y abri\u00f3 sus puertas en el a\u00f1o 2006, brindando servicios de testing externo y calidad de negocios a empresas en Reino Unido y Holanda, y posteriormente a empresas locales, europeas, latinoamericanas y de EEUU. En 2007 cre\u00f3 por primera vez en Argentina, la Diplomatura en Testing de Software profesional que fue dictada en conjunto con la Universidad Empresarial Siglo XXI.<br \/>\nPosteriormente otras universidades contaron con la participaci\u00f3n de QAustral en el dictado de Diplomaturas, como la Universidad Tecnol\u00f3gica Nacional. Adem\u00e1s de los entrenamientos empresariales que se han extendido incluso a empresas de Brasil, Chile y Espa\u00f1a. Nuestro equipo esta formado por Profesionales especializados y visionarios que otorgaran un valor agregado a los resultados esperados. Con m\u00e1s de 20 a\u00f1os realizando estas tareas en diversas compa\u00f1\u00edas, nuestro equipo, es capaz de integrarse con su equipo actual de trabajo y procesos previamente definidos; siendo el objetivo final un software libre de defectos, un servicio de calidad internacional, y un importante impacto de imagen empresarial, respetando siempre las normas internacionales en vigencia como IEEE, ISO, BS bajo metodolog\u00edas \u00e1giles o estructuradas.<\/p>\n<p><strong style=\"line-height: 1.5;\">ISTQB en Argentina<\/strong><\/p>\n<p>Durante 2009 la firma dict\u00f3 y particip\u00f3 de seminarios internacionales en Am\u00e9rica Latina y Europa; consolidando la presencia acad\u00e9mica y convirti\u00e9ndose en miembro del Comit\u00e9 de Pruebas de Software de Hispanoam\u00e9rica; Hispanic America Software Testing Qualification Board (HASTQB). En 2010, la empresa comienza el dictado por primera vez de cursos homologados y oficiales en Argentina, del International Software Testing Qualifications Board (ISTQB) incluyendo el examen de certificaci\u00f3n internacional; posicionando a Argentina en el Tercer lugar en cantidad de certificados detr\u00e1s de Colombia y M\u00e9xico .<br \/>\nLa participaci\u00f3n de la empresa en entrenamientos brindados en Brasil, Europa y Argentina, demuestran la importancia del dominio de la norma internacional ISTQB en la calidad de software a nivel global. Nuestro equipo de instructores han certificado su conocimiento y participado de entrenamientos en distintos puntos alrededor del mundo.<\/p>\n<p style=\"text-align: right;\"><em>QAustral S.A.<\/em><\/p>\n<p>&nbsp;<\/p>\n<p>&nbsp;<\/p>\n<div class=\"video-main\">\n\t<div class=\"video-frame\">\r\n<iframe loading=\"lazy\" src=\"http:\/\/www.youtube.com\/embed\/zm8pKHFkFps\" title=\"\" width=\"572\" height=\"312\"><\/iframe>\r\n<\/div><!-- end video-frame -->\n<\/div><!-- end video-main --><p>&nbsp;<\/p>\n<p>&nbsp;<\/p>\n<div class=\"video-main\">\n\t<div class=\"video-frame\">\r\n<iframe loading=\"lazy\" src=\"http:\/\/www.youtube.com\/embed\/dMmKvwo6xmw\" title=\"\" width=\"572\" height=\"312\"><\/iframe>\r\n<\/div><!-- end video-frame -->\n<\/div><!-- end video-main -->","protected":false},"excerpt":{"rendered":"<p>\nDesde su inicio como firma especializada, QAustral ha desarrollado su objetivo de constituirse como referente en la regi\u00f3n y desarrollar constantemente actividades de vanguardia sobre Calidad de Software y Negocios. Con equipos especializados y profesionales capacitados, brindamos servicios de Externalizaci\u00f3n de Testing para firmas de primer nivel en distintas regiones del planeta y compartimos nuestro conocimiento con particulares y otras compa\u00f1ias, mediante cursos, talleres, diplomaturas, seminarios, y diferentes eventos. Actualmente poseemos un centro de Testing con experiencia internacional. Desde &#8230;<\/p>\n","protected":false},"author":1,"featured_media":0,"parent":4847,"menu_order":1,"comment_status":"closed","ping_status":"closed","template":"template_leftnav.php","meta":{"footnotes":""},"class_list":["post-4810","page","type-page","status-publish","hentry"],"_links":{"self":[{"href":"http:\/\/qaustral.com.ar\/sitio\/wp-json\/wp\/v2\/pages\/4810","targetHints":{"allow":["GET"]}}],"collection":[{"href":"http:\/\/qaustral.com.ar\/sitio\/wp-json\/wp\/v2\/pages"}],"about":[{"href":"http:\/\/qaustral.com.ar\/sitio\/wp-json\/wp\/v2\/types\/page"}],"author":[{"embeddable":true,"href":"http:\/\/qaustral.com.ar\/sitio\/wp-json\/wp\/v2\/users\/1"}],"replies":[{"embeddable":true,"href":"http:\/\/qaustral.com.ar\/sitio\/wp-json\/wp\/v2\/comments?post=4810"}],"version-history":[{"count":21,"href":"http:\/\/qaustral.com.ar\/sitio\/wp-json\/wp\/v2\/pages\/4810\/revisions"}],"predecessor-version":[{"id":6572,"href":"http:\/\/qaustral.com.ar\/sitio\/wp-json\/wp\/v2\/pages\/4810\/revisions\/6572"}],"up":[{"embeddable":true,"href":"http:\/\/qaustral.com.ar\/sitio\/wp-json\/wp\/v2\/pages\/4847"}],"wp:attachment":[{"href":"http:\/\/qaustral.com.ar\/sitio\/wp-json\/wp\/v2\/media?parent=4810"}],"curies":[{"name":"wp","href":"https:\/\/api.w.org\/{rel}","templated":true}]}}