{"id":4814,"date":"2011-09-08T07:57:11","date_gmt":"2011-09-07T23:57:11","guid":{"rendered":"http:\/\/denzeldesigns.org\/?page_id=4812"},"modified":"2012-01-10T15:51:41","modified_gmt":"2012-01-10T15:51:41","slug":"video-right","status":"publish","type":"page","link":"http:\/\/qaustral.com.ar\/sitio\/empresa\/video-right\/","title":{"rendered":"Referencias"},"content":{"rendered":"<p><strong>Referencias de Cursos y Servicios Realizados <\/strong><\/p>\n<p><strong>Algunos comentarios referidos de formaci\u00f3n Peugeot 2011 &#8211; Buenos Aires &#8211; Argentina.<\/strong><br \/>\nEsta formaci\u00f3n ha aportado muchos conceptos nuevos, entre ellos t\u00e9cnicas de Testing que desconoc\u00eda y que se aplican actualmente en otras regiones.<\/p>\n<p><strong>Algunos comentarios de capacitacion en Banelco &#8211; Buenos Aires &#8211; Argentina &#8211; 2011<\/strong><br \/>\nLa profesionalidad y conocimiento del instructor es admirable y es muy motivador ver que en testing halla  personas con tal conocimiento.<br \/>\nEste curso nos abre otro panorama y con muchas cosas por hacer.<br \/>\nEstamos en el medio de un cambio donde podemos proponer cambios.<\/p>\n<p><strong>Algunos comentarios de los asistentes de la capacitaci\u00f3n en Tecme &#8211; C\u00f3rdoba &#8211; 2008.<\/strong>Considero que nos ha proporcionado las herramientas b\u00e1sicas para poder comenzar con la organizaci\u00f3n del \u00e1rea de Testing. Considero que los temas tratados fueron dados de manera completa y con pleno conocimiento de los mismos.  <br \/>\nCreo que el tiempo invertido en la capacitaci\u00f3n fue adecuado, ya que se pudieron presentar todos los temas de manera correcta y el tratamiento de los mismos fue satisfactoria. <\/p>\n<p><strong>Algunos comentarios de los asistentes de la capacitaci\u00f3n en Accenture &#8211; Buenos Aires &#8211; 2009<\/strong><br \/> <br \/>\n\u201cEl plan de formaci\u00f3n aport\u00f3 nuevos conocimientos\u201d; \u201cRealmente se vieron \u00edtems muy valiosos para el conocimiento, que no se ven en el d\u00eda a d\u00eda, si alguien no te los explica\u201d <br \/>\n\u201cEl nivel de profesionalismo del docente es excelente, siendo muy claro y eficiente en cada explicaci\u00f3n, se nota que conoce muy bien lo que explica\u201d  <br \/>\n\u201cInformaci\u00f3n muy \u00fatil sobre normas de testing internacional\u201d <\/p>\n<p><strong>Algunos comentarios de los asistentes de la capacitaci\u00f3n en Clustear &#8211; Jujuy &#8211; 2009 <\/strong><br \/>\n\u00abSe pudo ver enfoque no considerado en el proceso de desarrollo\u201d , \u201cCambio mi perspectiva respecto al Testing\u201d \u201dConocimientos valiosos\u201d<br \/> <br \/>\n\u201cMas de lo esperado\u201d <br \/> \u201cMe aporto otra visi\u00f3n de lo que hace un tester\u201d \u201cConoc\u00ed y aprend\u00ed formas de trabajo, reglas y costumbres que debo incorporar para ser un profesional competente\u201d <br \/> \u201cConsiderar el costo de testear apropiadamente\u201d <br \/> \u201cConceptos nuevos, puntos de vista variados\u201d. <\/p>\n<p><strong>Algunos comentarios de los asistentes de la Diplomatura en Testing de Software &#8211; Universidad Empresarial Siglo XXI &#8211; 2007 &#8211; 2008 <\/strong><br \/>\n\u201cSergio is a very good professional, he is very dedicated for his job. When you need help he is there and offer you a best response for a trouble or the best solution in a short time. He is a a very good partner and friend.\u201d 2007  <br \/> <br \/>\n\u201cSergio Cusmai is an excellent professional and college, with solid expertise in Testing and Management Project.\u201d 2008 <\/p>\n<p><strong>Algunos comentarios de los asistentes de la capacitaci\u00f3n en Cursos Regulares dictados en QAustral S.A. &#8211; 2009<\/strong> <br \/> <br \/>\n\u201cPude comprender las distintas etapas dentro de un ciclo de desarrollo de software\u201d;<br \/> <br \/>\n\u201cLa formaci\u00f3n ampli\u00f3 mis conocimientos y visi\u00f3n sobre el testing, las tareas que se llevan a cabo, ten\u00eda una imagen de una parte muy peque\u00f1a de la tarea de testing\u201d . <br \/>\n\u00abIncorpor\u00e9 nuevos conocimientos, no solo sobre testing sino tambi\u00e9n sobre por ejemplo funciones en general de distintos programas\u201d.<\/p>\n<p><strong>Referencias Generales<\/strong><br \/>\n\u201cThe service provided by QAustral helped OE to achieve the best performance on our database  operations, and also reduced risk as we have now a backup plan in place.Now we can be confident our databases are running the way they should. It also saved us time and money\u201d <\/p>\n<p><strong>Optimistic Media Limited \u2013 UK London &#8211; July 9, 2007<\/strong><br \/>\n\u201cSergio is an excellent Quality Assurance Leader &#8211; he understands QA, is very organized and diligent and always follows through on his commitments.<br \/>\nI would highly recommend him.\u201d February 4, 2008<\/p>\n<p><strong>Arun Rajan, CTO, Travelocity Europe\/lastminute.com<br \/>\nmanaged Sergio indirectly at Lastminute.com<\/strong><br \/>\n\u201cSergio is a person who can achieve everything. It&#8217;s a pleasure to work with.\u201d April 24, 2008 <\/p>\n<p><strong>Alejandro Sarco, Sr. J2EE Developer, Lastminute.com<br \/>\nworked with Sergio at Lastminute.com<\/strong><br \/>\n\u201cSergio is a dedicated and hard working Q&#038;A professional. He has been key in setting up our office  in Argentina, hiring new resources, setting up our<br \/>\ntesting procedures and improving the quality of the Nimbuzz products.\u201d January 31, 2008<\/p>\n<p><strong>Marc Bastiaansen, CTO, Nimbuzz B.V.<br \/>\nworked with Sergio at Nimbuzz<\/strong><br \/>\n\u201cSergio is a very professional individual, who is passionate at what he does and has an excellent knowledge of the IT business as well as the<br \/>\nunderstanding of the corporate world. It has been a pleasure to work with him.\u201d January 16, 2007 <\/p>\n<p><strong>Giorgio Rondinelli, Unix Admin, Globant<br \/>\nworked directly with Sergio at Lastminute.com<\/strong><br \/>\n\u201cSergio is a very good professional, he is very dedicated for his job. When you need help he is there and offer you a best response for a trouble or<br \/>\nthe best solution in a short time. He is a  very good partner and friend.\u201d July 2, 2007 <\/p>\n<p><strong>Damian Carabajal, QA Analyst, Motorola<br \/>\nworked directly with Sergio at QAustral S.A.<\/strong><br \/>\n\u201cSergio is a serious professional, obtains a high performance in his work and with the work team that he manages. He looks for improvement day to<br \/>\nday.\u201d February 12, 2007<\/p>\n<p><strong>Mai Valls, Graphic\/Web Design, lastminute.com<br \/>\nworked with Sergio at QAustral S.A.<\/strong><br \/>\n\u201cSergio is a good professional, always providing the correct information and solution proposal to solve in the shortest time the software problems that you reported to him. A serious worker and good colleague.\u201d May 10, 2007<\/p>\n<p><strong>Oscar Junyent, Tech Director, lastminute.com<br \/>\nworked with Sergio at Lastminute.com<\/strong><br \/>\n\u201cSergio is a professional, dedicated individual who brings an attention to detail to a role, while retaining his good sense of humour and perspective.<br \/>\nI would be very happy to work with Sergio again in the future.\u201d May 8, 2007<\/p>\n<p><strong>Conor Keegan, Technical Team Lead, lastminute.com<br \/>\nworked with Sergio at Lastminute.com<\/strong><br \/>\n\u201cSergio was testing from A to Z the website release before launching, and I was fixing the bugs he found. Of course his emails were usually bad news, but by adding a humor touch, or giving me a call, he was pushing us to fix this f*cking bug.\u201d February 11, 2007<\/p>\n<p><strong>David Douiliez, webmarketing superviser benelux, lastminute.com<br \/>\nTravelprice.beworked with Sergio at Lastminute.com<\/strong><br \/>\n\u201cSergio has always been really helpful for our local office in Italy at lastminute.com. He always tried to help us in sorting out urgent issues by escalating it to relevant people in the UK office. He\u2019s extremely serious as a professional with a real passion for his job. It\u2019s a pleasure to work with<br \/>\nhim!\u201d January 19, 2007<\/p>\n<p><strong>Maria Vittoria Di Domenico, site manager, lastminute.com<br \/>\nworked with Sergio at Lastminute.com<\/strong><br \/>\n\u201cSergio is a very professional individual, who is passionate at what he does and has an excellent knowledge of the IT business as well as the understanding of the corporate world. It has been a pleasure to work with him.\u201d January 16, 2007<\/p>\n<p><strong>Giorgio Rondinelli, Unix Admin, Globant<br \/>\nworked directly with Sergio at Lastminute.com<\/strong><br \/>\n\u201cSergio was one of the most valuables persons working with me at Lastminute.com His commitment and professionalism with the company wasincredible, he was always trying to improve himself and the team. Was a real pleasure work with a person like him.. Highly recommending for any position in soc and qa environments, he\u2019s a natural leader. I will be glad to work with him again.\u201d January 16, 2007<\/p>\n<p><strong>Federico Sartori, Unix Admin, Globant LCC<br \/>\nmanaged Sergio indirectly at Lastminute.com<\/strong><\/p>\n<p>Marcelo, Webmaster, se comport\u00f3 muy profesionalmente, cumpli\u00f3 con los objetivos y con todas las condiciones pre-establecidas.<br \/>\nMuy educado y responsable. Gracias Marcelo. Abril 04, 2009<\/p>\n<p><strong>M Jantus &#8211; Proyecto Construcciones- Bs As &#8211; TFL<\/strong><br \/>\nMuy responsable. El trabajo que hizo Marcelo Cusmai fue el esperado. Muy recomendable. Junio 18, 2009<br \/>\n<strong>Hernan &#8211; MDQ &#8211; Trabajo de Todo Articulos<\/strong><\/p>\n<p>Cumpli\u00f3 antes de tiempo con las entregas. Cumpli\u00f3 con los requisitos a la perfecci\u00f2n. Estoy muy satisfecho. Gracias Sr. Cusmai. Junio 26, 2009<br \/>\n<strong>M Jantus &#8211; Proyecto de Seguridad e Higiene Laboral &#8211; Bs As &#8211; TFL<\/strong><\/p>\n","protected":false},"excerpt":{"rendered":"<p>Referencias de Cursos y Servicios Realizados <br \/>\nAlgunos comentarios referidos de formaci\u00f3n Peugeot 2011 &#8211; Buenos Aires &#8211; Argentina.<br \/>\nEsta formaci\u00f3n ha aportado muchos conceptos nuevos, entre ellos t\u00e9cnicas de Testing que desconoc\u00eda y que se aplican actualmente en otras regiones.<br \/>\nAlgunos comentarios de capacitacion en Banelco &#8211; Buenos Aires &#8211; Argentina &#8211; 2011<br \/>\nLa profesionalidad y conocimiento del instructor es admirable y es muy motivador ver que en testing halla  personas con tal conocimiento.<br \/>\nEste curso nos abre &#8230;<\/p>\n","protected":false},"author":1,"featured_media":0,"parent":4847,"menu_order":2,"comment_status":"closed","ping_status":"closed","template":"template_leftnav.php","meta":{"footnotes":""},"class_list":["post-4814","page","type-page","status-publish","hentry"],"_links":{"self":[{"href":"http:\/\/qaustral.com.ar\/sitio\/wp-json\/wp\/v2\/pages\/4814","targetHints":{"allow":["GET"]}}],"collection":[{"href":"http:\/\/qaustral.com.ar\/sitio\/wp-json\/wp\/v2\/pages"}],"about":[{"href":"http:\/\/qaustral.com.ar\/sitio\/wp-json\/wp\/v2\/types\/page"}],"author":[{"embeddable":true,"href":"http:\/\/qaustral.com.ar\/sitio\/wp-json\/wp\/v2\/users\/1"}],"replies":[{"embeddable":true,"href":"http:\/\/qaustral.com.ar\/sitio\/wp-json\/wp\/v2\/comments?post=4814"}],"version-history":[{"count":8,"href":"http:\/\/qaustral.com.ar\/sitio\/wp-json\/wp\/v2\/pages\/4814\/revisions"}],"predecessor-version":[{"id":5125,"href":"http:\/\/qaustral.com.ar\/sitio\/wp-json\/wp\/v2\/pages\/4814\/revisions\/5125"}],"up":[{"embeddable":true,"href":"http:\/\/qaustral.com.ar\/sitio\/wp-json\/wp\/v2\/pages\/4847"}],"wp:attachment":[{"href":"http:\/\/qaustral.com.ar\/sitio\/wp-json\/wp\/v2\/media?parent=4814"}],"curies":[{"name":"wp","href":"https:\/\/api.w.org\/{rel}","templated":true}]}}