{"id":5027,"date":"2011-12-26T20:24:57","date_gmt":"2011-12-26T20:24:57","guid":{"rendered":"http:\/\/qaustral.com.ar\/sitio\/?page_id=5027"},"modified":"2019-11-08T02:18:03","modified_gmt":"2019-11-08T02:18:03","slug":"istqb","status":"publish","type":"page","link":"http:\/\/qaustral.com.ar\/sitio\/shortcodes\/istqb\/","title":{"rendered":"Formaciones"},"content":{"rendered":"<p>QAustral es el primer proveedor de cursos acreditados de HASTQB, para las certificaciones de ISTQB, en Argentina y uno de los tres primeros de Latinoam\u00e9rica. \u00a0Actualmente las formaciones de certificaci\u00f3n son brindadas por el canal de nuestro partner <strong>Gesti\u00f3nIT<\/strong>, actual miembro Gold de la certificaci\u00f3n.<br \/>\nNuestras acreditaciones permiten actualmente el dictado del Foundation Level y de Advanced Level. El contenido se encuentra homologado ante ISTQB y es una preparaci\u00f3n \u00f3ptima para rendir la certificaci\u00f3n internacional del nivel correspondiente. Estos cursos oficiales de la norma aportan al profesional una importante herramienta de contenidos; que es actualmente indispensable en el campo del Testing software de alto nivel.<br \/>\nLos procesos de pruebas de software son en la actualidad una actividad de vital importancia para cualquier desarrollo de calidad. Sin embargo realizar pruebas no es suficiente para asegurar inversiones, conservar puestos de trabajo de gran escala y promover un modo de trabajo eficiente; sin gastar recursos en re-trabajo por fallas en el desarrollo.<\/p>\n","protected":false},"excerpt":{"rendered":"<p>QAustral es el primer proveedor de cursos acreditados de HASTQB, para las certificaciones de ISTQB, en Argentina y uno de los tres primeros de Latinoam\u00e9rica. \u00a0Actualmente las formaciones de certificaci\u00f3n son brindadas por el canal de nuestro partner Gesti\u00f3nIT, actual miembro Gold de la certificaci\u00f3n.<br \/>\nNuestras acreditaciones permiten actualmente el dictado del Foundation Level y de Advanced Level. El contenido se encuentra homologado ante ISTQB y es una preparaci\u00f3n \u00f3ptima para rendir la certificaci\u00f3n internacional del nivel correspondiente. Estos cursos &#8230;<\/p>\n","protected":false},"author":2,"featured_media":0,"parent":4773,"menu_order":1,"comment_status":"closed","ping_status":"closed","template":"template_leftnav.php","meta":{"footnotes":""},"class_list":["post-5027","page","type-page","status-publish","hentry"],"_links":{"self":[{"href":"http:\/\/qaustral.com.ar\/sitio\/wp-json\/wp\/v2\/pages\/5027","targetHints":{"allow":["GET"]}}],"collection":[{"href":"http:\/\/qaustral.com.ar\/sitio\/wp-json\/wp\/v2\/pages"}],"about":[{"href":"http:\/\/qaustral.com.ar\/sitio\/wp-json\/wp\/v2\/types\/page"}],"author":[{"embeddable":true,"href":"http:\/\/qaustral.com.ar\/sitio\/wp-json\/wp\/v2\/users\/2"}],"replies":[{"embeddable":true,"href":"http:\/\/qaustral.com.ar\/sitio\/wp-json\/wp\/v2\/comments?post=5027"}],"version-history":[{"count":15,"href":"http:\/\/qaustral.com.ar\/sitio\/wp-json\/wp\/v2\/pages\/5027\/revisions"}],"predecessor-version":[{"id":6671,"href":"http:\/\/qaustral.com.ar\/sitio\/wp-json\/wp\/v2\/pages\/5027\/revisions\/6671"}],"up":[{"embeddable":true,"href":"http:\/\/qaustral.com.ar\/sitio\/wp-json\/wp\/v2\/pages\/4773"}],"wp:attachment":[{"href":"http:\/\/qaustral.com.ar\/sitio\/wp-json\/wp\/v2\/media?parent=5027"}],"curies":[{"name":"wp","href":"https:\/\/api.w.org\/{rel}","templated":true}]}}