{"id":5182,"date":"2012-01-18T19:58:05","date_gmt":"2012-01-18T19:58:05","guid":{"rendered":"http:\/\/qaustral.com.ar\/sitio\/?page_id=5182"},"modified":"2012-01-18T20:14:24","modified_gmt":"2012-01-18T20:14:24","slug":"seminario-de-examen","status":"publish","type":"page","link":"http:\/\/qaustral.com.ar\/sitio\/shortcodes\/seminario-de-examen\/","title":{"rendered":"Seminario de Ex\u00e1men"},"content":{"rendered":"<p>El seminario de pr\u00e1cticas para Ex\u00e1men de Certificaci\u00f3n ISTQB es una actividad puramente did\u00e1ctica de 4hs de duraci\u00f3n donde se realizan actividades similares al examen ISTQB y donde se evacuan dudas con el mismo instructor acreditado ante HASTQB.  Este seminario constituye una excelente experiencia de preparaci\u00f3n para aquellas personas que han realizado las formaciones y quieren realizar m\u00e1s pr\u00e1cticas o para los profesionales independientes que se est\u00e1n preparando para rendir el examen de Certificaci\u00f3n Internacional ISTQB.<\/p>\n<p>Durante este seminario se realizan ejercicios, pr\u00e1cticas de ex\u00e1men, y pueden ser realizadas consultas especificas de la prueba de certificaci\u00f3n.<\/p>\n<p>Es importante destacar que en esta jornada no se realizan explicaciones de contenidos te\u00f3ricos y l\u00f3gicos de la norma; ese contenido se desarrolla en los cursos oficiales ISTQB durante 20hs aproximadas; esta propuesta de entrenamiento se orienta exclusivamente a pr\u00e1cticas de ejemplos de examen, ejercicios desarrollados por QA y dudas sobre importancia de las preguntas y modos de resolverlas.<\/p>\n","protected":false},"excerpt":{"rendered":"<p>El seminario de pr\u00e1cticas para Ex\u00e1men de Certificaci\u00f3n ISTQB es una actividad puramente did\u00e1ctica de 4hs de duraci\u00f3n donde se realizan actividades similares al examen ISTQB y donde se evacuan dudas con el mismo instructor acreditado ante HASTQB.  Este seminario constituye una excelente experiencia de preparaci\u00f3n para aquellas personas que han realizado las formaciones y quieren realizar m\u00e1s pr\u00e1cticas o para los profesionales independientes que se est\u00e1n preparando para rendir el examen de Certificaci\u00f3n Internacional ISTQB.<br \/>\nDurante este seminario &#8230;<\/p>\n","protected":false},"author":2,"featured_media":0,"parent":4773,"menu_order":5,"comment_status":"closed","ping_status":"closed","template":"template_leftnav.php","meta":{"footnotes":""},"class_list":["post-5182","page","type-page","status-publish","hentry"],"_links":{"self":[{"href":"http:\/\/qaustral.com.ar\/sitio\/wp-json\/wp\/v2\/pages\/5182","targetHints":{"allow":["GET"]}}],"collection":[{"href":"http:\/\/qaustral.com.ar\/sitio\/wp-json\/wp\/v2\/pages"}],"about":[{"href":"http:\/\/qaustral.com.ar\/sitio\/wp-json\/wp\/v2\/types\/page"}],"author":[{"embeddable":true,"href":"http:\/\/qaustral.com.ar\/sitio\/wp-json\/wp\/v2\/users\/2"}],"replies":[{"embeddable":true,"href":"http:\/\/qaustral.com.ar\/sitio\/wp-json\/wp\/v2\/comments?post=5182"}],"version-history":[{"count":2,"href":"http:\/\/qaustral.com.ar\/sitio\/wp-json\/wp\/v2\/pages\/5182\/revisions"}],"predecessor-version":[{"id":5189,"href":"http:\/\/qaustral.com.ar\/sitio\/wp-json\/wp\/v2\/pages\/5182\/revisions\/5189"}],"up":[{"embeddable":true,"href":"http:\/\/qaustral.com.ar\/sitio\/wp-json\/wp\/v2\/pages\/4773"}],"wp:attachment":[{"href":"http:\/\/qaustral.com.ar\/sitio\/wp-json\/wp\/v2\/media?parent=5182"}],"curies":[{"name":"wp","href":"https:\/\/api.w.org\/{rel}","templated":true}]}}