{"id":5190,"date":"2012-01-18T20:22:58","date_gmt":"2012-01-18T20:22:58","guid":{"rendered":"http:\/\/qaustral.com.ar\/sitio\/?page_id=5190"},"modified":"2012-01-18T20:27:32","modified_gmt":"2012-01-18T20:27:32","slug":"outplacement","status":"publish","type":"page","link":"http:\/\/qaustral.com.ar\/sitio\/shortcodes\/columns-callouts\/outplacement\/","title":{"rendered":"Outplacement"},"content":{"rendered":"<p>El programa de Outplacement propuesto por QAustral, se encuentra dentro de las actividades de apoyo y formaciones de Calidad de Negocios, y se desarrolla para guiar y ayudar a las personas a llevar adelante el proceso de cambio de actividad laboral; logrando una r\u00e1pida y efectiva reinserci\u00f3n en el mercado.<\/p>\n<p><strong>Como todo cambio, especificamente el de actividad laboral genera una de las situaciones mas delicadas y determinantes en la vida profesional, es por ello que se necesita contar con apoyo, aseroramiento y contenci\u00f3n.<\/strong><br \/>\nPara la empresa tambi\u00e9n es importante cuidar la relaci\u00f3n profesional y de servicios,  generar un clima laboral positivo a pesar de las devinculaciones y demostrar responsabilidad social por sus ex-empleados.<\/p>\n<p>Los participantes del programa aplicar\u00e1n metodolog\u00edas para afrontar la nueva situaci\u00f3n de manera proactiva con el objetivo de alcanzar la reinserci\u00f3n laboral. <\/p>\n<p>El programa esta organizado para que los participantes se involucren r\u00e1pidamente en acciones que les permitir\u00e1n explorar y definir sus nuevos objetivos laborales.<\/p>\n<p>Las tres etapas definidas para el proceso son:<\/p>\n<p><strong>Evaluativa<\/strong>: donde el participante realiza actividades que le permitir\u00e1n analizar toda su trayectoria laboral y definir un nuevo objetivo para la misma.<\/p>\n<p><strong>Formativa<\/strong>: Donde se prepara y entrena en t\u00e9cnicas de busquedas, conoce acerca de los procesos de selecci\u00f3n y define su estrat\u00e9gia para la salida al mercado laboral.<\/p>\n<p><strong>Proactiva<\/strong> de busqueda de la soluci\u00f3n a la situaci\u00f3n planteada contando con el soporte y orientaci\u00f3n.<\/p>\n<p>El objetivo es que el participante solucione de manera integral el problema planteado reacomodando su sentimiento de autoestima y confianza para redefinir el futuro laboral.<\/p>\n<p>Como los tiempos individuales para los profesionales de distintos niveles en el duelo sobre las acciones pasadas y el encuadre adecuado de las futuras son diferentes, los programas est\u00e1n dise\u00f1ados para cada caso en particular asi la duraci\u00f3n puede ser desde tres meses a un a\u00f1o. <\/p>\n<p>Por otra parte para personas de niveles particulares dentro de las organizaciones y que necesitan contar con herramientas para encontrar la soluci\u00f3n en el corto plazo se dicta un programa grupal de 3(tres) d\u00edas de duraci\u00f3n.<\/p>\n","protected":false},"excerpt":{"rendered":"<p>El programa de Outplacement propuesto por QAustral, se encuentra dentro de las actividades de apoyo y formaciones de Calidad de Negocios, y se desarrolla para guiar y ayudar a las personas a llevar adelante el proceso de cambio de actividad laboral; logrando una r\u00e1pida y efectiva reinserci\u00f3n en el mercado.<br \/>\nComo todo cambio, especificamente el de actividad laboral genera una de las situaciones mas delicadas y determinantes en la vida profesional, es por ello que se necesita contar con apoyo, &#8230;<\/p>\n","protected":false},"author":2,"featured_media":0,"parent":4787,"menu_order":1,"comment_status":"closed","ping_status":"closed","template":"template_leftnav.php","meta":{"footnotes":""},"class_list":["post-5190","page","type-page","status-publish","hentry"],"_links":{"self":[{"href":"http:\/\/qaustral.com.ar\/sitio\/wp-json\/wp\/v2\/pages\/5190","targetHints":{"allow":["GET"]}}],"collection":[{"href":"http:\/\/qaustral.com.ar\/sitio\/wp-json\/wp\/v2\/pages"}],"about":[{"href":"http:\/\/qaustral.com.ar\/sitio\/wp-json\/wp\/v2\/types\/page"}],"author":[{"embeddable":true,"href":"http:\/\/qaustral.com.ar\/sitio\/wp-json\/wp\/v2\/users\/2"}],"replies":[{"embeddable":true,"href":"http:\/\/qaustral.com.ar\/sitio\/wp-json\/wp\/v2\/comments?post=5190"}],"version-history":[{"count":3,"href":"http:\/\/qaustral.com.ar\/sitio\/wp-json\/wp\/v2\/pages\/5190\/revisions"}],"predecessor-version":[{"id":5192,"href":"http:\/\/qaustral.com.ar\/sitio\/wp-json\/wp\/v2\/pages\/5190\/revisions\/5192"}],"up":[{"embeddable":true,"href":"http:\/\/qaustral.com.ar\/sitio\/wp-json\/wp\/v2\/pages\/4787"}],"wp:attachment":[{"href":"http:\/\/qaustral.com.ar\/sitio\/wp-json\/wp\/v2\/media?parent=5190"}],"curies":[{"name":"wp","href":"https:\/\/api.w.org\/{rel}","templated":true}]}}