{"id":5235,"date":"2012-01-23T14:44:13","date_gmt":"2012-01-23T14:44:13","guid":{"rendered":"http:\/\/qaustral.com.ar\/sitio\/?page_id=5235"},"modified":"2012-01-23T14:44:13","modified_gmt":"2012-01-23T14:44:13","slug":"grupo-de-enfoque","status":"publish","type":"page","link":"http:\/\/qaustral.com.ar\/sitio\/shortcodes\/columns-callouts\/grupo-de-enfoque\/","title":{"rendered":"Grupo de Enfoque"},"content":{"rendered":"<p>En diferentes aspectos de las actividades de \u00abCalidad de Negocios\u00bb se realizan actividades de estudio de campo y grupos de enfoque. En el caso de las capacitaciones en empresas, la realizaci\u00f3n de un grupo de enfoque previo a la actividad a realizarse contribuye a aportar una gran cantidad de conocimiento y valor agregado al desarrollo del programa de formaciones. En base a la actividad de enfoque pueden surgir nuevos temas, modificaci\u00f3n y profundidad de nuevas directrices, conocimiento en profundidad de inquietudes y valoraciones. A diferencia de un estudio cualitativo enfocado solo a decisiones de Marketing y estrategia de mercado, la realizaci\u00f3n de estas actividades anticipando el programa de formaciones contribuye a encaminar con mejores resultados el impacto de contenidos en los profesionales que participan de un programa de empat\u00eda y formaci\u00f3n de \u00abCalidad de Negocios\u00bb.<\/p>\n<p><strong>El grupo de enfoque consiste en:<\/strong><\/p>\n<ul>\n<li>Una discusi\u00f3n enfocada en temas y contexto empresarial.<\/li>\n<li>Entre 6-12 personas similares.<\/li>\n<li>La actividad es facilitada por un moderador.<\/li>\n<li>Los participantes proporcionan informaci\u00f3n cualitativa para ayudar a comprender un \u00e1rea de inter\u00e9s o investigaci\u00f3n.<\/li>\n<li>El an\u00e1lisis cuidadoso y sistem\u00e1tico de la discusi\u00f3n ofrece una perspectiva del \u00e1rea de investigaci\u00f3n.<\/li>\n<\/ul>\n<p>\nEsta actividad es un excelente complemento de formaciones y se incluye seg\u00fan los requerimientos de cada trabajo empresarial.<\/p>\n","protected":false},"excerpt":{"rendered":"<p>En diferentes aspectos de las actividades de \u00abCalidad de Negocios\u00bb se realizan actividades de estudio de campo y grupos de enfoque. En el caso de las capacitaciones en empresas, la realizaci\u00f3n de un grupo de enfoque previo a la actividad a realizarse contribuye a aportar una gran cantidad de conocimiento y valor agregado al desarrollo del programa de formaciones. En base a la actividad de enfoque pueden surgir nuevos temas, modificaci\u00f3n y profundidad de nuevas directrices, conocimiento en profundidad de &#8230;<\/p>\n","protected":false},"author":2,"featured_media":0,"parent":4787,"menu_order":2,"comment_status":"closed","ping_status":"closed","template":"template_leftnav.php","meta":{"footnotes":""},"class_list":["post-5235","page","type-page","status-publish","hentry"],"_links":{"self":[{"href":"http:\/\/qaustral.com.ar\/sitio\/wp-json\/wp\/v2\/pages\/5235","targetHints":{"allow":["GET"]}}],"collection":[{"href":"http:\/\/qaustral.com.ar\/sitio\/wp-json\/wp\/v2\/pages"}],"about":[{"href":"http:\/\/qaustral.com.ar\/sitio\/wp-json\/wp\/v2\/types\/page"}],"author":[{"embeddable":true,"href":"http:\/\/qaustral.com.ar\/sitio\/wp-json\/wp\/v2\/users\/2"}],"replies":[{"embeddable":true,"href":"http:\/\/qaustral.com.ar\/sitio\/wp-json\/wp\/v2\/comments?post=5235"}],"version-history":[{"count":2,"href":"http:\/\/qaustral.com.ar\/sitio\/wp-json\/wp\/v2\/pages\/5235\/revisions"}],"predecessor-version":[{"id":5237,"href":"http:\/\/qaustral.com.ar\/sitio\/wp-json\/wp\/v2\/pages\/5235\/revisions\/5237"}],"up":[{"embeddable":true,"href":"http:\/\/qaustral.com.ar\/sitio\/wp-json\/wp\/v2\/pages\/4787"}],"wp:attachment":[{"href":"http:\/\/qaustral.com.ar\/sitio\/wp-json\/wp\/v2\/media?parent=5235"}],"curies":[{"name":"wp","href":"https:\/\/api.w.org\/{rel}","templated":true}]}}