{"id":5255,"date":"2012-02-01T15:18:48","date_gmt":"2012-02-01T15:18:48","guid":{"rendered":"http:\/\/qaustral.com.ar\/sitio\/?page_id=5255"},"modified":"2012-02-01T15:35:05","modified_gmt":"2012-02-01T15:35:05","slug":"sepyme","status":"publish","type":"page","link":"http:\/\/qaustral.com.ar\/sitio\/shortcodes\/sepyme\/","title":{"rendered":"SEPyME"},"content":{"rendered":"<p>QAustral se encuentra inscripta como Unidad Capacitadora (UCAP) en SEPyME por lo que muchas empresas de Argentina pueden tomar los beneficios impositivos que propone esta entidad; al seleccionar cualquiera de las formaciones oficiales de nuestra firma, tanto de ISTQB, IREB o QA.<\/p>\n<p><strong>Programa de Cr\u00e9dito Fiscal para Capacitaci\u00f3n<\/strong><br \/>\nEn 2012 el Programa de Cr\u00e9dito Fiscal para capacitaci\u00f3n ha logrado asignar, por segundo a\u00f1o consecutivo, el cupo disponible de este beneficio destinado a las pymes, que reintegra hasta el 100% de los gastos incurridos en capacitaciones.<\/p>\n<p><strong>\u00bfQu\u00e9 es el Programa de Cr\u00e9dito Fiscal Para Capacitaci\u00f3n?<\/strong><br \/>\nUna herramienta orientada a todos los integrantes de una pyme, que permite reintegrar hasta el 100% de los gastos incurridos en actividades de capacitaci\u00f3n.<\/p>\n<p>Toda pyme puede solicitar reintegros (para s\u00ed o para otra pyme) hasta el 8% de su masa salarial. Las grandes empresas podr\u00e1n ceder su beneficio para capacitar a pymes hasta el 8%0 de su masa salarial.<\/p>\n<p>Este beneficio se obtiene en solo 4 pasos. Puedes encontrar toda esta informaci\u00f3n  en este link a <a href=\"http:\/\/www.sepyme.gob.ar\/programas\/creditofiscal\/\" target=\"_blank\">SEPyME<\/a>.<\/p>\n<p><a href=\"http:\/\/qaustral.com.ar\/sitio\/shortcodes\/sepyme\/sep\/\" rel=\"attachment wp-att-5256\"><img loading=\"lazy\" decoding=\"async\" src=\"http:\/\/qaustral.com.ar\/sitio\/wp-content\/uploads\/sep.jpg\" alt=\"\" title=\"sepyme\" width=\"255\" height=\"158\" class=\"aligncenter size-full wp-image-5256\" \/><\/a><\/p>\n","protected":false},"excerpt":{"rendered":"<p>QAustral se encuentra inscripta como Unidad Capacitadora (UCAP) en SEPyME por lo que muchas empresas de Argentina pueden tomar los beneficios impositivos que propone esta entidad; al seleccionar cualquiera de las formaciones oficiales de nuestra firma, tanto de ISTQB, IREB o QA.<br \/>\nPrograma de Cr\u00e9dito Fiscal para Capacitaci\u00f3n<br \/>\nEn 2012 el Programa de Cr\u00e9dito Fiscal para capacitaci\u00f3n ha logrado asignar, por segundo a\u00f1o consecutivo, el cupo disponible de este beneficio destinado a las pymes, que reintegra hasta el 100% de &#8230;<\/p>\n","protected":false},"author":2,"featured_media":0,"parent":4773,"menu_order":8,"comment_status":"closed","ping_status":"closed","template":"template_leftnav.php","meta":{"footnotes":""},"class_list":["post-5255","page","type-page","status-publish","hentry"],"_links":{"self":[{"href":"http:\/\/qaustral.com.ar\/sitio\/wp-json\/wp\/v2\/pages\/5255","targetHints":{"allow":["GET"]}}],"collection":[{"href":"http:\/\/qaustral.com.ar\/sitio\/wp-json\/wp\/v2\/pages"}],"about":[{"href":"http:\/\/qaustral.com.ar\/sitio\/wp-json\/wp\/v2\/types\/page"}],"author":[{"embeddable":true,"href":"http:\/\/qaustral.com.ar\/sitio\/wp-json\/wp\/v2\/users\/2"}],"replies":[{"embeddable":true,"href":"http:\/\/qaustral.com.ar\/sitio\/wp-json\/wp\/v2\/comments?post=5255"}],"version-history":[{"count":8,"href":"http:\/\/qaustral.com.ar\/sitio\/wp-json\/wp\/v2\/pages\/5255\/revisions"}],"predecessor-version":[{"id":5264,"href":"http:\/\/qaustral.com.ar\/sitio\/wp-json\/wp\/v2\/pages\/5255\/revisions\/5264"}],"up":[{"embeddable":true,"href":"http:\/\/qaustral.com.ar\/sitio\/wp-json\/wp\/v2\/pages\/4773"}],"wp:attachment":[{"href":"http:\/\/qaustral.com.ar\/sitio\/wp-json\/wp\/v2\/media?parent=5255"}],"curies":[{"name":"wp","href":"https:\/\/api.w.org\/{rel}","templated":true}]}}