{"id":5374,"date":"2012-03-26T14:16:20","date_gmt":"2012-03-26T14:16:20","guid":{"rendered":"http:\/\/qaustral.com.ar\/sitio\/?page_id=5374"},"modified":"2012-03-26T14:16:20","modified_gmt":"2012-03-26T14:16:20","slug":"instructores-de-formaciones","status":"publish","type":"page","link":"http:\/\/qaustral.com.ar\/sitio\/shortcodes\/instructores-de-formaciones\/","title":{"rendered":"Instructores de Formaciones"},"content":{"rendered":"<table width=\"700\" border=\"0\" cellspacing=\"9\" cellpadding=\"0\">\n<tbody>\n<tr>\n<td colspan=\"2\" align=\"middle\" valign=\"top\">\n<table width=\"448\" border=\"0\" cellspacing=\"3\" cellpadding=\"0\">\n<tbody>\n<tr>\n<td width=\"103\"><img loading=\"lazy\" decoding=\"async\" src=\"http:\/\/www.qaustral.com.ar\/img\/f5.jpg\" alt=\"Sergio Emanuel Cusmai\" width=\"101\" height=\"112\" border=\"1\" \/><\/td>\n<td width=\"103\"><img loading=\"lazy\" decoding=\"async\" src=\"http:\/\/www.qaustral.com.ar\/img\/f4.jpg\" alt=\"Gustavo M\u00e1rquez Sosa\" width=\"101\" height=\"112\" border=\"1\" \/><\/td>\n<td width=\"103\"><img loading=\"lazy\" decoding=\"async\" src=\"http:\/\/www.qaustral.com.ar\/img\/f3.jpg\" alt=\"Sandro Hugo Medina\" width=\"101\" height=\"112\" border=\"1\" \/><\/td>\n<td width=\"103\"><img loading=\"lazy\" decoding=\"async\" src=\"http:\/\/www.qaustral.com.ar\/img\/f2.jpg\" alt=\"Victoria Mart\u00ednez Su\u00e1rez\" width=\"101\" height=\"112\" border=\"1\" \/><\/td>\n<td width=\"18\"><img loading=\"lazy\" decoding=\"async\" src=\"http:\/\/www.qaustral.com.ar\/img\/f1.jpg\" alt=\"Carlos R. Cusmai\" width=\"101\" height=\"112\" border=\"1\" \/><\/td>\n<\/tr>\n<\/tbody>\n<\/table>\n<\/td>\n<\/tr>\n<tr>\n<td colspan=\"2\" align=\"middle\" valign=\"top\">\n<pre><span style=\"font-family: Geneva, Arial, Helvetica, sans-serif; font-size: x-small;\"><strong>Instructores de Formaciones de QAustral S.A. Acreditados ante HASTQB<\/strong><\/span><\/pre>\n<\/td>\n<\/tr>\n<tr>\n<td align=\"middle\" valign=\"top\" width=\"132\"><img loading=\"lazy\" decoding=\"async\" src=\"http:\/\/www.qaustral.com.ar\/img\/f5.jpg\" alt=\"Sergio Emanuel Cusmai\" width=\"101\" height=\"112\" border=\"1\" \/><\/td>\n<td align=\"left\" valign=\"top\" bgcolor=\"#ffffcc\" width=\"541\">\n<pre><span style=\"font-family: Geneva, Arial, Helvetica, sans-serif; font-size: x-small;\"><strong>Sergio Emanuel Cusmai.<\/strong> Co - Founder and Director en QAustral S.A. CEO\r\nde Nimbuzz Argentina S.A. 2007 \u2013 2011. Docente en Diplomatura de\r\nTesting de Software de UTN - 2009.\u00a0 Titular y Creador de la Diplomatura\r\nen Testing de Software de la Universidad Empresarial Siglo XXI - 2007\r\ny 2008. ( Primer diplomatura de testing avalada por el ministerio de Educaci\u00f3n\r\nde Argentina). Team Leader en Lastminute.com de Reino Unido en 2004\/2006.\r\nPremio a la mejor performance en Lastminute.com 2004. UK. Certificate\r\nin Software Testing by BCS \u2013 ISTQB \u2013 FL - London \u2013 UK.\u00a0\r\nFormado en Nasper - Harvard Business school. Delhi \u2013 India.\r\n\r\nHa participado en seminarios y entrenamientos Internacionales de Calidad\r\nde Software en Espa\u00f1a, Reino Unido, India y Holanda.\r\n\r\nActualmente es Director de QAustral e Instructor acreditado <a href=\"http:\/\/www.istqb.org\" target=\"_blank\">ISTQB<\/a>\r\n\"biling\u00fce\" dictando formaciones en Espa\u00f1a, Argentina\r\ny Chile. Es el primer instructor acreditado de la norma ISTQB en Argentina,\r\nimpartiendo cursos y dirigiendo a diversos equipos de Testing en Latinoamerica\r\ny Europa.<\/span><\/pre>\n<pre><a href=\"http:\/\/www.youtube.com\/watch?v=aup1j6fdVyE\" target=\"_blank\">http:\/\/www.youtube.com\/watch?v=aup1j6fdVyE<\/a>\r\n\r\n<a href=\"http:\/\/www.youtube.com\/watch?v=dMmKvwo6xmw\" target=\"_blank\">http:\/\/www.youtube.com\/watch?v=dMmKvwo6xmw<\/a><\/pre>\n<\/td>\n<\/tr>\n<tr>\n<td align=\"middle\" valign=\"top\"><img loading=\"lazy\" decoding=\"async\" src=\"http:\/\/www.qaustral.com.ar\/img\/f4.jpg\" alt=\"Gustavo M\u00e1rquez Sosa\" width=\"101\" height=\"112\" border=\"1\" \/><\/td>\n<td align=\"left\" valign=\"top\" bgcolor=\"#ffffcc\">\n<pre><span style=\"font-family: Geneva, Arial, Helvetica, sans-serif; font-size: x-small;\"><strong>Gustavo M\u00e1rquez Sosa<\/strong> es consultor independiente en el \u00e1rea\r\nde ingenier\u00eda de software, especializado en pruebas software y gesti\u00f3n\r\nde requisitos. Con una experiencia de m\u00e1s de 15 a\u00f1os en el\r\n\u00e1mbito de las TI ha colaborado con organizaciones internacionales,\r\np\u00fablicas y privadas tales como AENA (Madrid - Espa\u00f1a), Air\r\nFrance (Par\u00eds - Francia), Escuela T\u00e9cnica Superior de Ingenieros\r\nIndustriales (Madrid - Espa\u00f1a), Telef\u00f3nica M\u00f3viles\r\n(Madrid - Espa\u00f1a), Icon Medialab (Madrid - Espa\u00f1a), Visure\r\nSolutions (Madrid - Espa\u00f1a) , D\u00edaz &amp; Hilterscheid (Berl\u00edn\r\n- Alemania), IECISA (Madrid - Espa\u00f1a) o MTP (Madrid \u2013 Espa\u00f1a).\r\n\r\n\r\nHa participado en eventos profesionales tales como ExpoQa (Madrid - Espa\u00f1a)\r\no Testing &amp; Finance (Frankfurt - Alemania). Es miembro del IEEE, del\r\nComit\u00e9 Espa\u00f1ol de Pruebas (SSTQB - Spanish Software Testing\r\nQualification) y miembro t\u00e9cnico (supporting) del International Requirements\r\nEngineering Board (IREB). Como miembro del Comit\u00e9 Espa\u00f1ol\r\nde Pruebas (SSTQB - Spanish Software Testing Qualification), forma parte\r\ndel comit\u00e9 ejecutivo, pertenece al Grupo de Trabajo del Glosario\r\ndel <a href=\"http:\/\/www.istqb.org\" target=\"_blank\">ISTQB<\/a>, es responsable del grupo de trabajo para la traducci\u00f3n del glosario para Espa\u00f1a\r\ny su coordinaci\u00f3n con Am\u00e9rica Latina. Como miembro t\u00e9cnico\r\nde IREB es responsable de la traducci\u00f3n del programa de estudios\r\ny glosario para Espa\u00f1a.<\/span><\/pre>\n<\/td>\n<\/tr>\n<tr>\n<td align=\"middle\" valign=\"top\"><img loading=\"lazy\" decoding=\"async\" src=\"http:\/\/www.qaustral.com.ar\/img\/f3.jpg\" alt=\"Sandro Hugo Medina\" width=\"101\" height=\"112\" border=\"1\" \/><\/td>\n<td align=\"left\" valign=\"top\" bgcolor=\"#ffffcc\">\n<pre><span style=\"font-family: Geneva, Arial, Helvetica, sans-serif; font-size: x-small;\"><strong>Sandro Hugo Medina.<\/strong> Especialista en Calidad de Software. En su hoja de\r\nvida como especialista de calidad, se destacan su paso por firmas como Bureau\r\nVeritas S.A. , The Pinnacle Corporation S.R.L., y el Instituto Nacional\r\nde Tecnolog\u00eda Industrial de Argentina (INTI), donde adem\u00e1s\r\nde integrar equipos de aseguramiento de calidad, se ha desempe\u00f1ado\r\ncomo docente desde 2007, dictando tem\u00e1ticas como \u201cTesting de\r\nSoftware Embebido\u201d, \u201cTesting Unitario\u201d, \u201cProcesos\r\nde Calidad\u201d y otras formaciones de la entidad . Ha tomado parte de\r\nformaciones especializadas sobre Calidad de Software en Argentina, y Colombia.\r\nEs tester certificado <a href=\"http:\/\/www.istqb.org\" target=\"_blank\">ISTQB<\/a>. En el \u00e1mbito acad\u00e9mico ha\r\n\r\ndesarrollado sus conocimientos en las carreras de grado de Ingenier\u00eda\r\nen Computaci\u00f3n e Ingenier\u00eda Electr\u00f3nica, ambas especialidades\r\ncursadas en la Universidad Nacional de C\u00f3rdoba. En el transcurso\r\nde su desarrollo profesional ha incursionado crecientemente en los conocimientos\r\norientados al Software espec\u00edficamente y su tratamiento desde el\r\npunto de vista de la calidad. En la actualidad forma parte de la unidad\r\nde aseguramiento de calidad de instrumentaci\u00f3n y control de la Central\r\nNuclear Atucha II, e integra el equipo de instructores y formadores de QAustral\r\nS.A.<\/span><\/pre>\n<\/td>\n<\/tr>\n<tr>\n<td align=\"middle\" valign=\"top\"><img loading=\"lazy\" decoding=\"async\" src=\"http:\/\/www.qaustral.com.ar\/img\/f2.jpg\" alt=\"Victoria Mart\u00ednez Su\u00e1rez\" width=\"101\" height=\"112\" border=\"1\" \/><\/td>\n<td align=\"left\" valign=\"top\" bgcolor=\"#ffffcc\">\n<pre><span style=\"font-family: Geneva, Arial, Helvetica, sans-serif; font-size: x-small;\"><strong>Victoria Mart\u00ednez Su\u00e1rez<\/strong>. Coordinadora del Laboratorio de\r\nTesting y Aseguramiento de Calidad de Software del Instituto Nacional de\r\nTecnolog\u00eda Industrial-Argentina. Lidera proyectos de testing en numerosas\r\nindustrias, implementando procesos de pruebas de software y en la automatizaci\u00f3n\r\nde los mismos. Amplia experiencia en gesti\u00f3n de riesgos de sistemas\r\ncr\u00edticos. Capacitada como Tester Profesional en Estrategias de Testing,\r\nGesti\u00f3n de la Configuraci\u00f3n, Gesti\u00f3n de Entornos de\r\nPruebas, Automatizaci\u00f3n de procesos de pruebas y Pruebas de performance,\r\npor la consultora espa\u00f1ola SQS. Tester certificado <a href=\"http:\/\/www.istqb.org\" target=\"_blank\">ISTQB<\/a>.\r\nDicta cursos de calidad de software nacional e internacionalmente desde\r\n2006 y es consultora en temas relacionados con Testing y Aseguramiento de\r\nla Calidad de Software desde el 2005. Ha participado en numerosos seminarios,\r\njornadas de calidad y conferencias internacionales de calidad de software\r\ndesarrolladas en regiones como Espa\u00f1a, Colombia y Argentina. Integra\r\nel equipo de instuctores ISTQB de QAustral S.A.<\/span><\/pre>\n<\/td>\n<\/tr>\n<tr>\n<td align=\"middle\" valign=\"top\"><img loading=\"lazy\" decoding=\"async\" src=\"http:\/\/www.qaustral.com.ar\/img\/f1.jpg\" alt=\"Carlos R. Cusmai\" width=\"101\" height=\"112\" border=\"1\" \/><\/td>\n<td align=\"left\" valign=\"top\" bgcolor=\"#ffffcc\">\n<pre><span style=\"font-family: Geneva, Arial, Helvetica, sans-serif; font-size: x-small;\"><strong>Business Quality Assurance. <\/strong>\r\n\r\nEl referente, instructor y responsable de Calidad de Negocios es <strong>Carlos\r\nR. Cusmai, <\/strong>especializado en \u201cCalidad\u201d con amplio conocimiento\r\nde Calidad de Productos y Servicios, Mejora Continua y Atenci\u00f3n de\r\nClientes. Particip\u00f3 de una importante cantidad de entrenamientos\r\nen Argentina y USA. \u201cSubject Matter Expert\u201d certificado en medici\u00f3n\r\nde satisfacci\u00f3n de Clientes (Detroit, EEUU).\r\n\r\nEn su trayectoria se ha desempe\u00f1ado como referente de calidad en\r\nfirmas como EDS, desarrollando actividades y entrenamientos de personal\r\nen EEUU, Brasil y Argentina. \r\n\r\nTambi\u00e9n posee una gran empatia profesional demostrada en puestos\r\ncomo el de Gerente\/ Director en consultoras de RRHH en Argentina. En la\r\nactualidad es Co - Fundador de la firma QAustral S.A. donde tambi\u00e9n\r\ndesempe\u00f1a la actividad de Director Operativo e instructor de equipos\r\nde tareas. <\/span><\/pre>\n<\/td>\n<\/tr>\n<tr>\n<td>\u00a0<\/td>\n<td>\u00a0<\/td>\n<\/tr>\n<tr>\n<td>\u00a0<\/td>\n<td>\u00a0<\/td>\n<\/tr>\n<tr>\n<td>\u00a0<\/td>\n<td>\u00a0<\/td>\n<\/tr>\n<tr>\n<td>\u00a0<\/td>\n<td>\u00a0<\/td>\n<\/tr>\n<\/tbody>\n<\/table>\n","protected":false},"excerpt":{"rendered":"<p>\nInstructores de Formaciones de QAustral S.A. Acreditados ante HASTQB<\/p>\n<p>Sergio Emanuel Cusmai. Co &#8211; Founder and Director en QAustral S.A. CEO<br \/>\nde Nimbuzz Argentina S.A. 2007 \u2013 2011. Docente en Diplomatura de<br \/>\nTesting de Software de UTN &#8211; 2009.\u00a0 Titular y Creador de la Diplomatura<br \/>\nen Testing de Software de la Universidad Empresarial Siglo XXI &#8211; &#8230;<\/p>\n","protected":false},"author":2,"featured_media":0,"parent":4773,"menu_order":7,"comment_status":"closed","ping_status":"closed","template":"template_leftnav.php","meta":{"footnotes":""},"class_list":["post-5374","page","type-page","status-publish","hentry"],"_links":{"self":[{"href":"http:\/\/qaustral.com.ar\/sitio\/wp-json\/wp\/v2\/pages\/5374","targetHints":{"allow":["GET"]}}],"collection":[{"href":"http:\/\/qaustral.com.ar\/sitio\/wp-json\/wp\/v2\/pages"}],"about":[{"href":"http:\/\/qaustral.com.ar\/sitio\/wp-json\/wp\/v2\/types\/page"}],"author":[{"embeddable":true,"href":"http:\/\/qaustral.com.ar\/sitio\/wp-json\/wp\/v2\/users\/2"}],"replies":[{"embeddable":true,"href":"http:\/\/qaustral.com.ar\/sitio\/wp-json\/wp\/v2\/comments?post=5374"}],"version-history":[{"count":10,"href":"http:\/\/qaustral.com.ar\/sitio\/wp-json\/wp\/v2\/pages\/5374\/revisions"}],"predecessor-version":[{"id":5385,"href":"http:\/\/qaustral.com.ar\/sitio\/wp-json\/wp\/v2\/pages\/5374\/revisions\/5385"}],"up":[{"embeddable":true,"href":"http:\/\/qaustral.com.ar\/sitio\/wp-json\/wp\/v2\/pages\/4773"}],"wp:attachment":[{"href":"http:\/\/qaustral.com.ar\/sitio\/wp-json\/wp\/v2\/media?parent=5374"}],"curies":[{"name":"wp","href":"https:\/\/api.w.org\/{rel}","templated":true}]}}