{"id":5689,"date":"2013-02-18T03:36:19","date_gmt":"2013-02-18T03:36:19","guid":{"rendered":"http:\/\/qaustral.com.ar\/sitio\/?page_id=5689"},"modified":"2013-02-18T03:36:19","modified_gmt":"2013-02-18T03:36:19","slug":"tmmi","status":"publish","type":"page","link":"http:\/\/qaustral.com.ar\/sitio\/shortcodes\/tmmi\/","title":{"rendered":"TMMi"},"content":{"rendered":"<p><strong>Observar la organizaci\u00f3n de testing de software tomando como referencia TMMi en el proceso, es un aporte complementario de gran valor para cualquier equipo profesional de testing, incluso articul\u00e1ndolo con las certificaciones profesionales orientadas al producto, como lo son ISTQB e IREB.<\/strong><\/p>\n<p>El equipo de QAustral propone consultor\u00eda especializada y adem\u00e1s formaciones, seminarios y talleres.<\/p>\n<p>El taller\/seminario de TMMi proporciona un enfoque m\u00e1s amplio y estructurado al proceso de prueba, existe un gran n\u00famero de experiencias positivas con el modelo TMMI y las organizaciones que la utilizan van en aumento, las experiencias muestran que aplicar el modelo de madurez TMMI tiene un impacto positivo sobre la calidad del producto.<\/p>\n<p>De manera similar al CMMI el TMMI presenta una mejora en los procesos relativos a la calidad del software y<br \/>\ndefine tambi\u00e9n 5 niveles de madurez o jerarqu\u00eda evolutiva. Cada nivel de madurez contiene un conjunto de \u00e1reas de proceso.<br \/>\n<\/p>\n<table style=\"width: 473px; height: 172px;\" width=\"473\" border=\"0\" cellspacing=\"5\" cellpadding=\"0\">\n<tbody>\n<tr>\n<td bgcolor=\"#99cc00\">\n<ul>\n<li><strong><span style=\"font-family: Geneva, Arial, Helvetica, sans-serif; font-size: x-small;\">Temarios de Formaciones <\/span><\/strong><\/li>\n<\/ul>\n<\/td>\n<\/tr>\n<tr>\n<td><strong><span style=\"font-family: Geneva, Arial, Helvetica, sans-serif; font-size: x-small;\"><a href=\"http:\/\/www.qaustral.com.ar\/cct\/Cursos\/tmmi.pdf\" target=\"_blank\"><img loading=\"lazy\" decoding=\"async\" src=\"http:\/\/www.qaustral.com.ar\/cct\/QAustral\/sitio\/botones\/p2.jpg\" alt=\"ISTQB FL Argentina\" width=\"375\" height=\"40\" border=\"0\" longdesc=\"QAustral\"><\/a><\/span><\/strong><\/td>\n<\/tr>\n<tr>\n<td><strong><span style=\"font-family: Geneva, Arial, Helvetica, sans-serif; font-size: x-small;\"><a href=\"http:\/\/www.qaustral.com.ar\/cct\/Cursos\/cursoprocesos.pdf\" target=\"_blank\"><img loading=\"lazy\" decoding=\"async\" src=\"http:\/\/www.qaustral.com.ar\/cct\/QAustral\/sitio\/botones\/p1.jpg\" alt=\"ISTQB AL\" width=\"375\" height=\"40\" border=\"0\" longdesc=\"QAustral\"><\/a><\/span><\/strong><\/td>\n<\/tr>\n<tr>\n<td><\/td>\n<\/tr>\n<tr>\n<td><\/td>\n<\/tr>\n<tr>\n<td><\/td>\n<\/tr>\n<tr>\n<td><\/td>\n<\/tr>\n<\/tbody>\n<\/table>\n<p><\/p>\n<table width=\"200\" border=\"0\" cellspacing=\"1\">\n<tr>\n<td colspan=\"3\">&nbsp;<\/td>\n<\/tr>\n<tr>\n<td><a href=\"http:\/\/qaustral.com.ar\/sitio\/shortcodes\/ireb-formaciones-oficiales\/\" target=\"_blank\"><img loading=\"lazy\" decoding=\"async\" src=\"http:\/\/qaustral.com.ar\/cct\/QAustral\/sitio\/botones\/cr1.jpg\" alt=\"Formaciones QAustral\" width=\"159\" height=\"40\" border=\"0\"><\/a><\/td>\n<td><a href=\"http:\/\/qaustral.com.ar\/sitio\/shortcodes\/buttons-lists-text\/\" target=\"_blank\"><img loading=\"lazy\" decoding=\"async\" src=\"http:\/\/qaustral.com.ar\/cct\/QAustral\/sitio\/botones\/cr2.jpg\" alt=\"QAustral\" width=\"159\" height=\"40\" border=\"0\"><\/a><\/td>\n<td><a href=\"http:\/\/qaustral.com.ar\/sitio\/tmmi\"><img loading=\"lazy\" decoding=\"async\" src=\"http:\/\/qaustral.com.ar\/cct\/QAustral\/sitio\/botones\/cr3.jpg\" alt=\"QAustral\" width=\"159\" height=\"40\" border=\"0\"><\/a><\/td>\n<\/tr>\n<tr>\n<td><a href=\"http:\/\/qaustral.com.ar\/sitio\/shortcodes\/columns-callouts\/\"><img loading=\"lazy\" decoding=\"async\" src=\"http:\/\/qaustral.com.ar\/cct\/QAustral\/sitio\/botones\/cr4.jpg\" alt=\"QAustral\" width=\"159\" height=\"40\" border=\"0\" longdesc=\"Calidad de Negocios\"><\/a><\/td>\n<td><a href=\"http:\/\/qaustral.com.ar\/sitio\/fsp\"><img loading=\"lazy\" decoding=\"async\" src=\"http:\/\/qaustral.com.ar\/cct\/QAustral\/sitio\/botones\/cr5.jpg\" alt=\"QAustral\" width=\"159\" height=\"40\" border=\"0\"><\/a><\/td>\n<td><a href=\"http:\/\/qaustral.com.ar\/sitio\/shortcodes\/istqb\/\" target=\"_blank\"><img loading=\"lazy\" decoding=\"async\" src=\"http:\/\/qaustral.com.ar\/cct\/QAustral\/sitio\/botones\/cr6.jpg\" alt=\"QAustral\" width=\"159\" height=\"40\" border=\"0\"><\/a><\/td>\n<\/tr>\n<\/table>\n","protected":false},"excerpt":{"rendered":"<p>Observar la organizaci\u00f3n de testing de software tomando como referencia TMMi en el proceso, es un aporte complementario de gran valor para cualquier equipo profesional de testing, incluso articul\u00e1ndolo con las certificaciones profesionales orientadas al producto, como lo son ISTQB e IREB.<br \/>\nEl equipo de QAustral propone consultor\u00eda especializada y adem\u00e1s formaciones, seminarios y talleres.<br \/>\nEl taller\/seminario de TMMi proporciona un enfoque m\u00e1s amplio y estructurado al proceso de prueba, existe un gran n\u00famero de experiencias positivas con el modelo &#8230;<\/p>\n","protected":false},"author":2,"featured_media":0,"parent":4773,"menu_order":0,"comment_status":"closed","ping_status":"closed","template":"template_leftnav.php","meta":{"footnotes":""},"class_list":["post-5689","page","type-page","status-publish","hentry"],"_links":{"self":[{"href":"http:\/\/qaustral.com.ar\/sitio\/wp-json\/wp\/v2\/pages\/5689","targetHints":{"allow":["GET"]}}],"collection":[{"href":"http:\/\/qaustral.com.ar\/sitio\/wp-json\/wp\/v2\/pages"}],"about":[{"href":"http:\/\/qaustral.com.ar\/sitio\/wp-json\/wp\/v2\/types\/page"}],"author":[{"embeddable":true,"href":"http:\/\/qaustral.com.ar\/sitio\/wp-json\/wp\/v2\/users\/2"}],"replies":[{"embeddable":true,"href":"http:\/\/qaustral.com.ar\/sitio\/wp-json\/wp\/v2\/comments?post=5689"}],"version-history":[{"count":2,"href":"http:\/\/qaustral.com.ar\/sitio\/wp-json\/wp\/v2\/pages\/5689\/revisions"}],"predecessor-version":[{"id":5691,"href":"http:\/\/qaustral.com.ar\/sitio\/wp-json\/wp\/v2\/pages\/5689\/revisions\/5691"}],"up":[{"embeddable":true,"href":"http:\/\/qaustral.com.ar\/sitio\/wp-json\/wp\/v2\/pages\/4773"}],"wp:attachment":[{"href":"http:\/\/qaustral.com.ar\/sitio\/wp-json\/wp\/v2\/media?parent=5689"}],"curies":[{"name":"wp","href":"https:\/\/api.w.org\/{rel}","templated":true}]}}