{"id":5692,"date":"2013-02-18T03:48:06","date_gmt":"2013-02-18T03:48:06","guid":{"rendered":"http:\/\/qaustral.com.ar\/sitio\/?page_id=5692"},"modified":"2013-03-21T03:30:31","modified_gmt":"2013-03-21T03:30:31","slug":"fsp","status":"publish","type":"page","link":"http:\/\/qaustral.com.ar\/sitio\/shortcodes\/fsp\/","title":{"rendered":"Formaciones de Sistemas"},"content":{"rendered":"<p>Las formaciones sobre sistemas y programaci\u00f3n se han dise\u00f1ado teniendo como destinatarios a profesionales de inform\u00e1tica que necesitan de estos conocimientos para desarrollar m\u00e1s eficientemente su tarea cotidiana. Muchas de estas formaciones se dictan como complemento en los cursos de calidad de software. Actualmente estos cursados se dictan solamente en modalidad empresa.<br \/>\n<\/p>\n<table style=\"width: 473px; height: 172px;\" width=\"473\" border=\"0\" cellspacing=\"5\" cellpadding=\"0\">\n<tbody>\n<tr>\n<td bgcolor=\"#99cc00\">\n<ul>\n<li><strong><span style=\"font-family: Geneva, Arial, Helvetica, sans-serif; font-size: x-small;\">Temarios de Formaciones <\/span><\/strong><\/li>\n<\/ul>\n<\/td>\n<\/tr>\n<tr>\n<td><strong><span style=\"font-family: Geneva, Arial, Helvetica, sans-serif; font-size: x-small;\"><a href=\"http:\/\/www.qaustral.com.ar\/cct\/Cursos\/sql.pdf\" target=\"_blank\"><img loading=\"lazy\" decoding=\"async\" src=\"http:\/\/www.qaustral.com.ar\/cct\/QAustral\/sitio\/botones\/s1.jpg\" alt=\"ISTQB FL Argentina\" width=\"375\" height=\"40\" border=\"0\" longdesc=\"QAustral\"><\/a><\/span><\/strong><\/td>\n<\/tr>\n<tr>\n<td><strong><span style=\"font-family: Geneva, Arial, Helvetica, sans-serif; font-size: x-small;\"><a href=\"http:\/\/www.qaustral.com.ar\/cct\/Cursos\/android1.pdf\" target=\"_blank\"><img loading=\"lazy\" decoding=\"async\" src=\"http:\/\/www.qaustral.com.ar\/cct\/QAustral\/sitio\/botones\/s2.jpg\" alt=\"ISTQB AL\" width=\"375\" height=\"40\" border=\"0\" longdesc=\"QAustral\"><\/a><\/span><\/strong><\/td>\n<\/tr>\n<tr>\n<td><strong><a href=\"http:\/\/www.qaustral.com.ar\/cct\/Cursos\/java.pdf\" target=\"_blank\"><img loading=\"lazy\" decoding=\"async\" src=\"http:\/\/www.qaustral.com.ar\/cct\/QAustral\/sitio\/botones\/s3.jpg\" alt=\"ISTQB AL\" width=\"375\" height=\"40\" border=\"0\" longdesc=\"QAustral\"><\/a><\/strong><\/td>\n<\/tr>\n<tr>\n<td><\/td>\n<\/tr>\n<tr>\n<td><\/td>\n<\/tr>\n<tr>\n<td><\/td>\n<\/tr>\n<\/tbody>\n<\/table>\n<p><\/p>\n<p>Otras formaciones de QAustral<\/p>\n<table width=\"200\" border=\"0\" cellspacing=\"1\">\n<tr>\n<td colspan=\"3\">&nbsp;<\/td>\n<\/tr>\n<tr>\n<td><a href=\"http:\/\/qaustral.com.ar\/sitio\/shortcodes\/ireb-formaciones-oficiales\/\" target=\"_blank\"><img loading=\"lazy\" decoding=\"async\" src=\"http:\/\/qaustral.com.ar\/cct\/QAustral\/sitio\/botones\/cr1.jpg\" alt=\"Formaciones QAustral\" width=\"159\" height=\"40\" border=\"0\"><\/a><\/td>\n<td><a href=\"http:\/\/qaustral.com.ar\/sitio\/shortcodes\/buttons-lists-text\/\" target=\"_blank\"><img loading=\"lazy\" decoding=\"async\" src=\"http:\/\/qaustral.com.ar\/cct\/QAustral\/sitio\/botones\/cr2.jpg\" alt=\"QAustral\" width=\"159\" height=\"40\" border=\"0\"><\/a><\/td>\n<td><a href=\"http:\/\/qaustral.com.ar\/sitio\/tmmi\"><img loading=\"lazy\" decoding=\"async\" src=\"http:\/\/qaustral.com.ar\/cct\/QAustral\/sitio\/botones\/cr3.jpg\" alt=\"QAustral\" width=\"159\" height=\"40\" border=\"0\"><\/a><\/td>\n<\/tr>\n<tr>\n<td><a href=\"http:\/\/qaustral.com.ar\/sitio\/shortcodes\/columns-callouts\/\"><img loading=\"lazy\" decoding=\"async\" src=\"http:\/\/qaustral.com.ar\/cct\/QAustral\/sitio\/botones\/cr4.jpg\" alt=\"QAustral\" width=\"159\" height=\"40\" border=\"0\" longdesc=\"Calidad de Negocios\"><\/a><\/td>\n<td><a href=\"http:\/\/qaustral.com.ar\/sitio\/fsp\"><img loading=\"lazy\" decoding=\"async\" src=\"http:\/\/qaustral.com.ar\/cct\/QAustral\/sitio\/botones\/cr5.jpg\" alt=\"QAustral\" width=\"159\" height=\"40\" border=\"0\"><\/a><\/td>\n<td><a href=\"http:\/\/qaustral.com.ar\/sitio\/shortcodes\/istqb\/\" target=\"_blank\"><img loading=\"lazy\" decoding=\"async\" src=\"http:\/\/qaustral.com.ar\/cct\/QAustral\/sitio\/botones\/cr6.jpg\" alt=\"QAustral\" width=\"159\" height=\"40\" border=\"0\"><\/a><\/td>\n<\/tr>\n<\/table>\n","protected":false},"excerpt":{"rendered":"<p>Las formaciones sobre sistemas y programaci\u00f3n se han dise\u00f1ado teniendo como destinatarios a profesionales de inform\u00e1tica que necesitan de estos conocimientos para desarrollar m\u00e1s eficientemente su tarea cotidiana. Muchas de estas formaciones se dictan como complemento en los cursos de calidad de software. Actualmente estos cursados se dictan solamente en modalidad empresa.<\/p>\n<p>\nTemarios de Formaciones <\/p>\n<p><br ...\n<\/p>\n","protected":false},"author":2,"featured_media":0,"parent":4773,"menu_order":0,"comment_status":"closed","ping_status":"closed","template":"template_leftnav.php","meta":{"footnotes":""},"class_list":["post-5692","page","type-page","status-publish","hentry"],"_links":{"self":[{"href":"http:\/\/qaustral.com.ar\/sitio\/wp-json\/wp\/v2\/pages\/5692","targetHints":{"allow":["GET"]}}],"collection":[{"href":"http:\/\/qaustral.com.ar\/sitio\/wp-json\/wp\/v2\/pages"}],"about":[{"href":"http:\/\/qaustral.com.ar\/sitio\/wp-json\/wp\/v2\/types\/page"}],"author":[{"embeddable":true,"href":"http:\/\/qaustral.com.ar\/sitio\/wp-json\/wp\/v2\/users\/2"}],"replies":[{"embeddable":true,"href":"http:\/\/qaustral.com.ar\/sitio\/wp-json\/wp\/v2\/comments?post=5692"}],"version-history":[{"count":3,"href":"http:\/\/qaustral.com.ar\/sitio\/wp-json\/wp\/v2\/pages\/5692\/revisions"}],"predecessor-version":[{"id":5728,"href":"http:\/\/qaustral.com.ar\/sitio\/wp-json\/wp\/v2\/pages\/5692\/revisions\/5728"}],"up":[{"embeddable":true,"href":"http:\/\/qaustral.com.ar\/sitio\/wp-json\/wp\/v2\/pages\/4773"}],"wp:attachment":[{"href":"http:\/\/qaustral.com.ar\/sitio\/wp-json\/wp\/v2\/media?parent=5692"}],"curies":[{"name":"wp","href":"https:\/\/api.w.org\/{rel}","templated":true}]}}